{"id":50,"date":"2026-03-25T08:12:28","date_gmt":"2026-03-25T08:12:28","guid":{"rendered":"https:\/\/catfishlens.com\/?page_id=50"},"modified":"2026-03-25T08:12:46","modified_gmt":"2026-03-25T08:12:46","slug":"contato","status":"publish","type":"page","link":"https:\/\/catfishlens.com\/pt\/contact\/","title":{"rendered":"Entre em contato conosco"},"content":{"rendered":"<p>Para suporte, solicita\u00e7\u00f5es de remo\u00e7\u00e3o ou d\u00favidas gerais, entre em contato conosco a qualquer momento.<\/p>\n\n\n\n<hr class=\"wp-block-separator has-alpha-channel-opacity\"\/>\n\n\n\n<p>\ud83d\udcec E-mail<\/p>\n\n\n\n<p><strong><a>support@catfishlens.com<\/a><\/strong><\/p>\n\n\n\n<hr class=\"wp-block-separator has-alpha-channel-opacity\"\/>\n\n\n\n<p>O que incluir<\/p>\n\n\n\n<ul class=\"wp-block-list\">\n<li>Descri\u00e7\u00e3o clara da sua solicita\u00e7\u00e3o<\/li>\n\n\n\n<li>Links ou capturas de tela (se relevante)<\/li>\n<\/ul>\n\n\n\n<hr class=\"wp-block-separator has-alpha-channel-opacity\"\/>\n\n\n\n<p>\ud83d\udd52 Tempo de resposta<\/p>\n\n\n\n<p>A maioria dos pedidos \u00e9 respondida em at\u00e9 <strong>24\u201348 horas<\/strong>.<\/p>\n\n\n\n<hr class=\"wp-block-separator has-alpha-channel-opacity\"\/>\n\n\n\n<p>\ud83d\udd10 Privacidade<\/p>\n\n\n\n<p>Suas informa\u00e7\u00f5es s\u00e3o usadas apenas para atender \u00e0 sua solicita\u00e7\u00e3o.<\/p>\n\n\n\n<p><\/p>","protected":false},"excerpt":{"rendered":"<p>Para suporte, solicita\u00e7\u00f5es de remo\u00e7\u00e3o ou perguntas gerais, entre em contato conosco a qualquer momento. \ud83d\udcec Envie um e-mail para support@catfishlens.com \ud83d\udcdd O que incluir \ud83d\udd52 Tempo de resposta A maioria das solicita\u00e7\u00f5es \u00e9 respondida em 24\u201348 horas. \ud83d\udd10 Privacidade Suas informa\u00e7\u00f5es s\u00e3o usadas apenas para processar sua solicita\u00e7\u00e3o.<\/p>","protected":false},"author":1,"featured_media":0,"parent":0,"menu_order":0,"comment_status":"closed","ping_status":"closed","template":"","meta":{"footnotes":""},"class_list":["post-50","page","type-page","status-publish","hentry"],"yoast_head":"<!-- This site is optimized with the Yoast SEO plugin v27.3 - https:\/\/yoast.com\/product\/yoast-seo-wordpress\/ -->\n<title>Contact Us - CatfishLens<\/title>\n<meta name=\"robots\" content=\"index, follow, max-snippet:-1, max-image-preview:large, max-video-preview:-1\" \/>\n<link rel=\"canonical\" href=\"https:\/\/catfishlens.com\/pt\/contato\/\" \/>\n<meta property=\"og:locale\" content=\"pt_BR\" \/>\n<meta property=\"og:type\" content=\"article\" \/>\n<meta property=\"og:title\" content=\"Contact Us - CatfishLens\" \/>\n<meta property=\"og:description\" content=\"For support, removal requests, or general questions, contact us anytime. \ud83d\udcec Email support@catfishlens.com \ud83d\udcdd What to include \ud83d\udd52 Response time Most requests are answered within 24\u201348 hours. \ud83d\udd10 Privacy Your information is used only to handle your request.\" \/>\n<meta property=\"og:url\" content=\"https:\/\/catfishlens.com\/pt\/contato\/\" \/>\n<meta property=\"og:site_name\" content=\"CatfishLens\" \/>\n<meta property=\"article:publisher\" content=\"https:\/\/www.facebook.com\/catfishlens\" \/>\n<meta property=\"article:modified_time\" content=\"2026-03-25T08:12:46+00:00\" \/>\n<meta name=\"twitter:card\" content=\"summary_large_image\" \/>\n<script type=\"application\/ld+json\" class=\"yoast-schema-graph\">{\"@context\":\"https:\\\/\\\/schema.org\",\"@graph\":[{\"@type\":\"WebPage\",\"@id\":\"https:\\\/\\\/catfishlens.com\\\/contact\\\/\",\"url\":\"https:\\\/\\\/catfishlens.com\\\/contact\\\/\",\"name\":\"Contact Us - CatfishLens\",\"isPartOf\":{\"@id\":\"https:\\\/\\\/catfishlens.com\\\/#website\"},\"datePublished\":\"2026-03-25T08:12:28+00:00\",\"dateModified\":\"2026-03-25T08:12:46+00:00\",\"breadcrumb\":{\"@id\":\"https:\\\/\\\/catfishlens.com\\\/contact\\\/#breadcrumb\"},\"inLanguage\":\"pt-BR\",\"potentialAction\":[{\"@type\":\"ReadAction\",\"target\":[\"https:\\\/\\\/catfishlens.com\\\/contact\\\/\"]}]},{\"@type\":\"BreadcrumbList\",\"@id\":\"https:\\\/\\\/catfishlens.com\\\/contact\\\/#breadcrumb\",\"itemListElement\":[{\"@type\":\"ListItem\",\"position\":1,\"name\":\"Home\",\"item\":\"https:\\\/\\\/catfishlens.com\\\/\"},{\"@type\":\"ListItem\",\"position\":2,\"name\":\"Contact Us\"}]},{\"@type\":\"WebSite\",\"@id\":\"https:\\\/\\\/catfishlens.com\\\/#website\",\"url\":\"https:\\\/\\\/catfishlens.com\\\/\",\"name\":\"CatfishLens\",\"description\":\"Best Catfish Reverse Image Search Engine\",\"publisher\":{\"@id\":\"https:\\\/\\\/catfishlens.com\\\/#organization\"},\"potentialAction\":[{\"@type\":\"SearchAction\",\"target\":{\"@type\":\"EntryPoint\",\"urlTemplate\":\"https:\\\/\\\/catfishlens.com\\\/?s={search_term_string}\"},\"query-input\":{\"@type\":\"PropertyValueSpecification\",\"valueRequired\":true,\"valueName\":\"search_term_string\"}}],\"inLanguage\":\"pt-BR\"},{\"@type\":\"Organization\",\"@id\":\"https:\\\/\\\/catfishlens.com\\\/#organization\",\"name\":\"CatfishLens\",\"url\":\"https:\\\/\\\/catfishlens.com\\\/\",\"logo\":{\"@type\":\"ImageObject\",\"inLanguage\":\"pt-BR\",\"@id\":\"https:\\\/\\\/catfishlens.com\\\/#\\\/schema\\\/logo\\\/image\\\/\",\"url\":\"https:\\\/\\\/catfishlens.com\\\/wp-content\\\/uploads\\\/2026\\\/03\\\/CatfishLens-Logo.png\",\"contentUrl\":\"https:\\\/\\\/catfishlens.com\\\/wp-content\\\/uploads\\\/2026\\\/03\\\/CatfishLens-Logo.png\",\"width\":1536,\"height\":1024,\"caption\":\"CatfishLens\"},\"image\":{\"@id\":\"https:\\\/\\\/catfishlens.com\\\/#\\\/schema\\\/logo\\\/image\\\/\"},\"sameAs\":[\"https:\\\/\\\/www.facebook.com\\\/catfishlens\"]}]}<\/script>\n<!-- \/ Yoast SEO plugin. -->","yoast_head_json":{"title":"Entre em Contato - CatfishLens","robots":{"index":"index","follow":"follow","max-snippet":"max-snippet:-1","max-image-preview":"max-image-preview:large","max-video-preview":"max-video-preview:-1"},"canonical":"https:\/\/catfishlens.com\/pt\/contato\/","og_locale":"pt_BR","og_type":"article","og_title":"Contact Us - CatfishLens","og_description":"For support, removal requests, or general questions, contact us anytime. \ud83d\udcec Email support@catfishlens.com \ud83d\udcdd What to include \ud83d\udd52 Response time Most requests are answered within 24\u201348 hours. \ud83d\udd10 Privacy Your information is used only to handle your request.","og_url":"https:\/\/catfishlens.com\/pt\/contato\/","og_site_name":"CatfishLens","article_publisher":"https:\/\/www.facebook.com\/catfishlens","article_modified_time":"2026-03-25T08:12:46+00:00","twitter_card":"summary_large_image","schema":{"@context":"https:\/\/schema.org","@graph":[{"@type":"WebPage","@id":"https:\/\/catfishlens.com\/contact\/","url":"https:\/\/catfishlens.com\/contact\/","name":"Entre em Contato - CatfishLens","isPartOf":{"@id":"https:\/\/catfishlens.com\/#website"},"datePublished":"2026-03-25T08:12:28+00:00","dateModified":"2026-03-25T08:12:46+00:00","breadcrumb":{"@id":"https:\/\/catfishlens.com\/contact\/#breadcrumb"},"inLanguage":"pt-BR","potentialAction":[{"@type":"ReadAction","target":["https:\/\/catfishlens.com\/contact\/"]}]},{"@type":"BreadcrumbList","@id":"https:\/\/catfishlens.com\/contact\/#breadcrumb","itemListElement":[{"@type":"ListItem","position":1,"name":"Home","item":"https:\/\/catfishlens.com\/"},{"@type":"ListItem","position":2,"name":"Contact Us"}]},{"@type":"WebSite","@id":"https:\/\/catfishlens.com\/#website","url":"https:\/\/catfishlens.com\/","name":"CatfishLens","description":"Melhor motor de busca reversa de imagens de peixe-gato","publisher":{"@id":"https:\/\/catfishlens.com\/#organization"},"potentialAction":[{"@type":"SearchAction","target":{"@type":"EntryPoint","urlTemplate":"https:\/\/catfishlens.com\/?s={search_term_string}"},"query-input":{"@type":"PropertyValueSpecification","valueRequired":true,"valueName":"search_term_string"}}],"inLanguage":"pt-BR"},{"@type":"Organization","@id":"https:\/\/catfishlens.com\/#organization","name":"CatfishLens","url":"https:\/\/catfishlens.com\/","logo":{"@type":"ImageObject","inLanguage":"pt-BR","@id":"https:\/\/catfishlens.com\/#\/schema\/logo\/image\/","url":"https:\/\/catfishlens.com\/wp-content\/uploads\/2026\/03\/CatfishLens-Logo.png","contentUrl":"https:\/\/catfishlens.com\/wp-content\/uploads\/2026\/03\/CatfishLens-Logo.png","width":1536,"height":1024,"caption":"CatfishLens"},"image":{"@id":"https:\/\/catfishlens.com\/#\/schema\/logo\/image\/"},"sameAs":["https:\/\/www.facebook.com\/catfishlens"]}]}},"_links":{"self":[{"href":"https:\/\/catfishlens.com\/pt\/wp-json\/wp\/v2\/pages\/50","targetHints":{"allow":["GET"]}}],"collection":[{"href":"https:\/\/catfishlens.com\/pt\/wp-json\/wp\/v2\/pages"}],"about":[{"href":"https:\/\/catfishlens.com\/pt\/wp-json\/wp\/v2\/types\/page"}],"author":[{"embeddable":true,"href":"https:\/\/catfishlens.com\/pt\/wp-json\/wp\/v2\/users\/1"}],"replies":[{"embeddable":true,"href":"https:\/\/catfishlens.com\/pt\/wp-json\/wp\/v2\/comments?post=50"}],"version-history":[{"count":4,"href":"https:\/\/catfishlens.com\/pt\/wp-json\/wp\/v2\/pages\/50\/revisions"}],"predecessor-version":[{"id":54,"href":"https:\/\/catfishlens.com\/pt\/wp-json\/wp\/v2\/pages\/50\/revisions\/54"}],"wp:attachment":[{"href":"https:\/\/catfishlens.com\/pt\/wp-json\/wp\/v2\/media?parent=50"}],"curies":[{"name":"wp","href":"https:\/\/api.w.org\/{rel}","templated":true}]}}