{"id":31,"date":"2026-03-25T07:53:11","date_gmt":"2026-03-25T07:53:11","guid":{"rendered":"https:\/\/catfishlens.com\/?page_id=31"},"modified":"2026-04-10T08:34:42","modified_gmt":"2026-04-10T08:34:42","slug":"precos","status":"publish","type":"page","link":"https:\/\/catfishlens.com\/pt\/pricing\/","title":{"rendered":"Pre\u00e7os"},"content":{"rendered":"<div class=\"wp-block-columns alignwide is-layout-flex wp-container-core-columns-is-layout-d2da2050 wp-block-columns-is-layout-flex\" style=\"margin-bottom:0\">\n<div class=\"wp-block-column has-text-color has-background has-link-color wp-elements-f1fc8c3456d66ac88f8756b6899da25f is-layout-flow wp-block-column-is-layout-flow\" style=\"color:#000000;background-color:#d1d1e1;padding-top:2em;padding-right:2em;padding-bottom:2em;padding-left:2em\">\n<h2 class=\"wp-block-heading\" id=\"family\" style=\"font-size:clamp(24.034px, 1.502rem + ((1vw - 3.2px) * 1.663), 40px);\"><strong><strong>Verifica\u00e7\u00e3o de Captura (2 Cr\u00e9ditos)<\/strong><\/strong><\/h2>\n\n\n\n<p class=\"has-normal-font-size\" style=\"line-height:1.5\"><em>Verifica\u00e7\u00e3o r\u00e1pida antes de voc\u00ea cair na isca<\/em><\/p>\n\n\n\n<hr class=\"wp-block-separator has-css-opacity is-style-wide\"\/>\n\n\n\n<ul class=\"wp-block-list has-normal-font-size\">\n<li>2 buscas (cr\u00e9ditos)<\/li>\n\n\n\n<li>Pesquisa reversa de imagem (mecanismo principal)<\/li>\n\n\n\n<li>Partidas b\u00e1sicas + fontes limitadas<\/li>\n\n\n\n<li>Detectar fotos reutilizadas<\/li>\n\n\n\n<li>Detector de Imagens IA<\/li>\n<\/ul>\n\n\n\n<div class=\"wp-block-buttons alignfull is-horizontal is-content-justification-center is-layout-flex wp-container-core-buttons-is-layout-03627597 wp-block-buttons-is-layout-flex\">\n<div class=\"wp-block-button has-custom-width wp-block-button__width-100 is-style-fill\"><a class=\"wp-block-button__link has-white-color has-text-color has-background no-border-radius wp-element-button\" href=\"\/pt\/checkout\/?add-to-cart=250\" style=\"background-color:#000000\">$4.95<\/a><\/div>\n<\/div>\n<\/div>\n\n\n\n<div class=\"wp-block-column has-text-color has-background has-link-color wp-elements-a4e439b172e90306d4d6dea7cc9e81c2 is-layout-flow wp-block-column-is-layout-flow\" style=\"color:#000000;background-color:#c0ebf1;padding-top:2em;padding-right:2em;padding-bottom:2em;padding-left:2em\">\n<h2 class=\"wp-block-heading\" id=\"patron\" style=\"font-size:clamp(24.034px, 1.502rem + ((1vw - 3.2px) * 1.663), 40px);\"><strong>Pegada Profunda (5 Cr\u00e9ditos)<\/strong><\/h2>\n\n\n\n<p class=\"has-normal-font-size\"><strong><em>Veja o quadro completo antes de confiar<\/em><\/strong><\/p>\n\n\n\n<hr class=\"wp-block-separator has-css-opacity is-style-wide\"\/>\n\n\n\n<ul class=\"wp-block-list has-normal-font-size\">\n<li>5 buscas (cr\u00e9ditos)<\/li>\n\n\n\n<li>Busca facial completa reversa (varredura profunda)<\/li>\n\n\n\n<li>Partidas expandidas + rostos semelhantes<\/li>\n\n\n\n<li>Varredura profunda em redes sociais e aplicativos de namoro<\/li>\n\n\n\n<li>Detec\u00e7\u00e3o de padr\u00f5es de identidade (multi-conta)<\/li>\n\n\n\n<li>Detector de Imagens IA<\/li>\n\n\n\n<li>Sinais de risco total<\/li>\n<\/ul>\n\n\n\n<div class=\"wp-block-buttons alignfull is-horizontal is-content-justification-center is-layout-flex wp-container-core-buttons-is-layout-03627597 wp-block-buttons-is-layout-flex\">\n<div class=\"wp-block-button has-custom-width wp-block-button__width-100\"><a class=\"wp-block-button__link has-white-color has-text-color has-background no-border-radius wp-element-button\" href=\"\/pt\/checkout\/?add-to-cart=111\" style=\"background-color:#000000\">$9.95<\/a><\/div>\n<\/div>\n<\/div>\n<\/div>\n\n\n\n<h2 class=\"wp-block-heading\">O que voc\u00ea recebe<\/h2>\n\n\n\n<figure class=\"wp-block-table\"><table><thead><tr><th>Recurso<\/th><th>Verifica\u00e7\u00e3o de Captura (2 Cr\u00e9ditos)<\/th><th>Pegada Profunda (5 Cr\u00e9ditos)<\/th><\/tr><\/thead><tbody><tr><td>Pesquisa Reversa de Imagem<\/td><td>\u2713<\/td><td>\u2713<\/td><\/tr><tr><td>Pr\u00e9via das Partidas<\/td><td>Limitado<\/td><td>Acesso Completo<\/td><\/tr><tr><td>Varredura de M\u00eddias Sociais<\/td><td>B\u00e1sico<\/td><td>Escaneamento Profundo<\/td><\/tr><tr><td>Aplicativos de Namoro Digital<\/td><td>B\u00e1sico<\/td><td>Cobertura Completa<\/td><\/tr><tr><td>Detec\u00e7\u00e3o de Rosto Similar<\/td><td>\u2713<\/td><td>\u2713 (Expandido)<\/td><\/tr><tr><td>Detector de Imagens IA<\/td><td>B\u00e1sico<\/td><td>Avan\u00e7ado<\/td><\/tr><tr><td>Detec\u00e7\u00e3o de Padr\u00f5es de Identidade<\/td><td>\u2014<\/td><td>\u2713<\/td><\/tr><tr><td>Sinais de Risco (Limpo\/Suspeito)<\/td><td>\u2713<\/td><td>\u2713 (Detalhado)<\/td><\/tr><\/tbody><\/table><\/figure>\n\n\n\n<hr class=\"wp-block-separator has-alpha-channel-opacity\"\/>\n\n\n\n<h2 class=\"wp-block-heading\">\ud83e\udde0 Como funcionam os cr\u00e9ditos<\/h2>\n\n\n\n<p><strong>1 cr\u00e9dito = 1 escaneamento completo<\/strong><br>Use um cr\u00e9dito para desbloquear resultados completos de uma foto.<\/p>\n\n\n\n<hr class=\"wp-block-separator has-alpha-channel-opacity\"\/>\n\n\n\n<h2 class=\"wp-block-heading\">Perguntas Frequentes sobre Pre\u00e7os<\/h2>\n\n\n\n<h3 class=\"wp-block-heading\">\u2753 Como funcionam os cr\u00e9ditos do CatfishLens?<\/h3>\n\n\n\n<p>CatfishLens utiliza um sistema baseado em cr\u00e9ditos onde <strong>1 cr\u00e9dito desbloqueia 1 varredura completa<\/strong>, incluindo correspond\u00eancias, fontes e sinais de identidade.<\/p>\n\n\n\n<hr class=\"wp-block-separator has-alpha-channel-opacity\"\/>\n\n\n\n<h3 class=\"wp-block-heading\">\u2753 Preciso de uma assinatura para usar o CatfishLens?<\/h3>\n\n\n\n<p>O CatfishLens n\u00e3o exige assinatura. Voc\u00ea pode comprar cr\u00e9ditos e us\u00e1-los a qualquer momento, sem cobran\u00e7as recorrentes.<\/p>\n\n\n\n<hr class=\"wp-block-separator has-alpha-channel-opacity\"\/>\n\n\n\n<h3 class=\"wp-block-heading\">\u2753 Posso usar o CatfishLens para uma verifica\u00e7\u00e3o \u00fanica?<\/h3>\n\n\n\n<p>O CatfishLens foi projetado para uso \u00fanico, bem como para verifica\u00e7\u00f5es m\u00faltiplas, para que voc\u00ea possa verificar um \u00fanico perfil sem se comprometer com um plano.<\/p>\n\n\n\n<hr class=\"wp-block-separator has-alpha-channel-opacity\"\/>\n\n\n\n<h3 class=\"wp-block-heading\">\u2753 Qual \u00e9 a diferen\u00e7a entre Catch Check e Deep Catch?<\/h3>\n\n\n\n<p>Catch Check oferece uma verifica\u00e7\u00e3o r\u00e1pida com profundidade limitada, enquanto Deep Catch fornece uma <strong>an\u00e1lise mais completa com cobertura mais aprofundada de m\u00eddias sociais e aplicativos de namoro<\/strong>.<\/p>\n\n\n\n<hr class=\"wp-block-separator has-alpha-channel-opacity\"\/>\n\n\n\n<h3 class=\"wp-block-heading\">\u2753 Os cr\u00e9ditos expiram?<\/h3>\n\n\n\n<p>Os cr\u00e9ditos CatfishLens n\u00e3o expiram e podem ser usados sempre que precisar deles.<\/p>\n\n\n\n<hr class=\"wp-block-separator has-alpha-channel-opacity\"\/>\n\n\n\n<h3 class=\"wp-block-heading\">\u2753 O que acontece depois que eu desbloqueio os resultados?<\/h3>\n\n\n\n<p>Uma vez que os resultados s\u00e3o desbloqueados, voc\u00ea obt\u00e9m acesso total \u00e0s correspond\u00eancias, fontes e sinais de risco para essa verifica\u00e7\u00e3o.<\/p>\n\n\n\n<hr class=\"wp-block-separator has-alpha-channel-opacity\"\/>\n\n\n\n<h3 class=\"wp-block-heading\">\u2753 Posso atualizar meu plano depois?<\/h3>\n\n\n\n<p>CatfishLens permite que voc\u00ea compre cr\u00e9ditos adicionais a qualquer momento, para que voc\u00ea possa dimensionar de acordo com suas necessidades.<\/p>\n\n\n\n<hr class=\"wp-block-separator has-alpha-channel-opacity\"\/>\n\n\n\n<h3 class=\"wp-block-heading\">\u2753 H\u00e1 alguma taxa oculta?<\/h3>\n\n\n\n<p>CatfishLens usa <strong>pre\u00e7os transparentes<\/strong>, para que voc\u00ea pague apenas pelos cr\u00e9ditos que escolher, sem cobran\u00e7as ocultas.<\/p>\n\n\n\n<hr class=\"wp-block-separator has-alpha-channel-opacity\"\/>\n\n\n\n<h3 class=\"wp-block-heading\">\u2753 Quais m\u00e9todos de pagamento s\u00e3o aceitos?<\/h3>\n\n\n\n<p>O CatfishLens suporta m\u00e9todos de pagamento padr\u00e3o, como cart\u00f5es de cr\u00e9dito e d\u00e9bito, para transa\u00e7\u00f5es seguras.<\/p>\n\n\n\n<hr class=\"wp-block-separator has-alpha-channel-opacity\"\/>\n\n\n\n<h3 class=\"wp-block-heading\">\u2753 Existe uma pol\u00edtica de reembolso?<\/h3>\n\n\n\n<p>CatfishLens fornece acesso a resultados digitais, portanto, reembolsos dependem do uso e se os resultados foram desbloqueados.<\/p>","protected":false},"excerpt":{"rendered":"<p>Catch Check (2 Credits) Quick check before you take the bait Deep Catch (5 Credits) See the full picture before you trust What You Get Feature Catch Check (2 Credits) Deep Catch (5 Credits) Reverse Face Search \u2713 \u2713 Matches Preview Limited Full Access Social Media Scan Basic Deep Scan Dating Apps Scan Basic Full [&hellip;]<\/p>\n","protected":false},"author":1,"featured_media":0,"parent":0,"menu_order":0,"comment_status":"closed","ping_status":"closed","template":"","meta":{"footnotes":""},"class_list":["post-31","page","type-page","status-publish","hentry"],"yoast_head":"<!-- This site is optimized with the Yoast SEO plugin v27.3 - https:\/\/yoast.com\/product\/yoast-seo-wordpress\/ -->\n<title>Pricing - CatfishLens<\/title>\n<meta name=\"robots\" content=\"index, follow, max-snippet:-1, max-image-preview:large, max-video-preview:-1\" \/>\n<link rel=\"canonical\" href=\"https:\/\/catfishlens.com\/pt\/precos\/\" \/>\n<meta property=\"og:locale\" content=\"pt_BR\" \/>\n<meta property=\"og:type\" content=\"article\" \/>\n<meta property=\"og:title\" content=\"Pricing - CatfishLens\" \/>\n<meta property=\"og:description\" content=\"Catch Check (2 Credits) Quick check before you take the bait Deep Catch (5 Credits) See the full picture before you trust What You Get Feature Catch Check (2 Credits) Deep Catch (5 Credits) Reverse Face Search \u2713 \u2713 Matches Preview Limited Full Access Social Media Scan Basic Deep Scan Dating Apps Scan Basic Full [&hellip;]\" \/>\n<meta property=\"og:url\" content=\"https:\/\/catfishlens.com\/pt\/precos\/\" \/>\n<meta property=\"og:site_name\" content=\"CatfishLens\" \/>\n<meta property=\"article:publisher\" content=\"https:\/\/www.facebook.com\/catfishlens\" \/>\n<meta property=\"article:modified_time\" content=\"2026-04-10T08:34:42+00:00\" \/>\n<meta name=\"twitter:card\" content=\"summary_large_image\" \/>\n<meta name=\"twitter:label1\" content=\"Est. tempo de leitura\" \/>\n\t<meta name=\"twitter:data1\" content=\"2 minutos\" \/>\n<script type=\"application\/ld+json\" class=\"yoast-schema-graph\">{\"@context\":\"https:\\\/\\\/schema.org\",\"@graph\":[{\"@type\":\"WebPage\",\"@id\":\"https:\\\/\\\/catfishlens.com\\\/pricing\\\/\",\"url\":\"https:\\\/\\\/catfishlens.com\\\/pricing\\\/\",\"name\":\"Pricing - CatfishLens\",\"isPartOf\":{\"@id\":\"https:\\\/\\\/catfishlens.com\\\/#website\"},\"datePublished\":\"2026-03-25T07:53:11+00:00\",\"dateModified\":\"2026-04-10T08:34:42+00:00\",\"breadcrumb\":{\"@id\":\"https:\\\/\\\/catfishlens.com\\\/pricing\\\/#breadcrumb\"},\"inLanguage\":\"pt-BR\",\"potentialAction\":[{\"@type\":\"ReadAction\",\"target\":[\"https:\\\/\\\/catfishlens.com\\\/pricing\\\/\"]}]},{\"@type\":\"BreadcrumbList\",\"@id\":\"https:\\\/\\\/catfishlens.com\\\/pricing\\\/#breadcrumb\",\"itemListElement\":[{\"@type\":\"ListItem\",\"position\":1,\"name\":\"Home\",\"item\":\"https:\\\/\\\/catfishlens.com\\\/\"},{\"@type\":\"ListItem\",\"position\":2,\"name\":\"Pricing\"}]},{\"@type\":\"WebSite\",\"@id\":\"https:\\\/\\\/catfishlens.com\\\/#website\",\"url\":\"https:\\\/\\\/catfishlens.com\\\/\",\"name\":\"CatfishLens\",\"description\":\"Best Catfish Reverse Image Search Engine\",\"publisher\":{\"@id\":\"https:\\\/\\\/catfishlens.com\\\/#organization\"},\"potentialAction\":[{\"@type\":\"SearchAction\",\"target\":{\"@type\":\"EntryPoint\",\"urlTemplate\":\"https:\\\/\\\/catfishlens.com\\\/?s={search_term_string}\"},\"query-input\":{\"@type\":\"PropertyValueSpecification\",\"valueRequired\":true,\"valueName\":\"search_term_string\"}}],\"inLanguage\":\"pt-BR\"},{\"@type\":\"Organization\",\"@id\":\"https:\\\/\\\/catfishlens.com\\\/#organization\",\"name\":\"CatfishLens\",\"url\":\"https:\\\/\\\/catfishlens.com\\\/\",\"logo\":{\"@type\":\"ImageObject\",\"inLanguage\":\"pt-BR\",\"@id\":\"https:\\\/\\\/catfishlens.com\\\/#\\\/schema\\\/logo\\\/image\\\/\",\"url\":\"https:\\\/\\\/catfishlens.com\\\/wp-content\\\/uploads\\\/2026\\\/03\\\/CatfishLens-Logo.png\",\"contentUrl\":\"https:\\\/\\\/catfishlens.com\\\/wp-content\\\/uploads\\\/2026\\\/03\\\/CatfishLens-Logo.png\",\"width\":1536,\"height\":1024,\"caption\":\"CatfishLens\"},\"image\":{\"@id\":\"https:\\\/\\\/catfishlens.com\\\/#\\\/schema\\\/logo\\\/image\\\/\"},\"sameAs\":[\"https:\\\/\\\/www.facebook.com\\\/catfishlens\"]}]}<\/script>\n<!-- \/ Yoast SEO plugin. -->","yoast_head_json":{"title":"Pre\u00e7os - CatfishLens","robots":{"index":"index","follow":"follow","max-snippet":"max-snippet:-1","max-image-preview":"max-image-preview:large","max-video-preview":"max-video-preview:-1"},"canonical":"https:\/\/catfishlens.com\/pt\/precos\/","og_locale":"pt_BR","og_type":"article","og_title":"Pricing - CatfishLens","og_description":"Catch Check (2 Credits) Quick check before you take the bait Deep Catch (5 Credits) See the full picture before you trust What You Get Feature Catch Check (2 Credits) Deep Catch (5 Credits) Reverse Face Search \u2713 \u2713 Matches Preview Limited Full Access Social Media Scan Basic Deep Scan Dating Apps Scan Basic Full [&hellip;]","og_url":"https:\/\/catfishlens.com\/pt\/precos\/","og_site_name":"CatfishLens","article_publisher":"https:\/\/www.facebook.com\/catfishlens","article_modified_time":"2026-04-10T08:34:42+00:00","twitter_card":"summary_large_image","twitter_misc":{"Est. tempo de leitura":"2 minutos"},"schema":{"@context":"https:\/\/schema.org","@graph":[{"@type":"WebPage","@id":"https:\/\/catfishlens.com\/pricing\/","url":"https:\/\/catfishlens.com\/pricing\/","name":"Pre\u00e7os - CatfishLens","isPartOf":{"@id":"https:\/\/catfishlens.com\/#website"},"datePublished":"2026-03-25T07:53:11+00:00","dateModified":"2026-04-10T08:34:42+00:00","breadcrumb":{"@id":"https:\/\/catfishlens.com\/pricing\/#breadcrumb"},"inLanguage":"pt-BR","potentialAction":[{"@type":"ReadAction","target":["https:\/\/catfishlens.com\/pricing\/"]}]},{"@type":"BreadcrumbList","@id":"https:\/\/catfishlens.com\/pricing\/#breadcrumb","itemListElement":[{"@type":"ListItem","position":1,"name":"Home","item":"https:\/\/catfishlens.com\/"},{"@type":"ListItem","position":2,"name":"Pricing"}]},{"@type":"WebSite","@id":"https:\/\/catfishlens.com\/#website","url":"https:\/\/catfishlens.com\/","name":"CatfishLens","description":"Melhor motor de busca reversa de imagens de peixe-gato","publisher":{"@id":"https:\/\/catfishlens.com\/#organization"},"potentialAction":[{"@type":"SearchAction","target":{"@type":"EntryPoint","urlTemplate":"https:\/\/catfishlens.com\/?s={search_term_string}"},"query-input":{"@type":"PropertyValueSpecification","valueRequired":true,"valueName":"search_term_string"}}],"inLanguage":"pt-BR"},{"@type":"Organization","@id":"https:\/\/catfishlens.com\/#organization","name":"CatfishLens","url":"https:\/\/catfishlens.com\/","logo":{"@type":"ImageObject","inLanguage":"pt-BR","@id":"https:\/\/catfishlens.com\/#\/schema\/logo\/image\/","url":"https:\/\/catfishlens.com\/wp-content\/uploads\/2026\/03\/CatfishLens-Logo.png","contentUrl":"https:\/\/catfishlens.com\/wp-content\/uploads\/2026\/03\/CatfishLens-Logo.png","width":1536,"height":1024,"caption":"CatfishLens"},"image":{"@id":"https:\/\/catfishlens.com\/#\/schema\/logo\/image\/"},"sameAs":["https:\/\/www.facebook.com\/catfishlens"]}]}},"_links":{"self":[{"href":"https:\/\/catfishlens.com\/pt\/wp-json\/wp\/v2\/pages\/31","targetHints":{"allow":["GET"]}}],"collection":[{"href":"https:\/\/catfishlens.com\/pt\/wp-json\/wp\/v2\/pages"}],"about":[{"href":"https:\/\/catfishlens.com\/pt\/wp-json\/wp\/v2\/types\/page"}],"author":[{"embeddable":true,"href":"https:\/\/catfishlens.com\/pt\/wp-json\/wp\/v2\/users\/1"}],"replies":[{"embeddable":true,"href":"https:\/\/catfishlens.com\/pt\/wp-json\/wp\/v2\/comments?post=31"}],"version-history":[{"count":3,"href":"https:\/\/catfishlens.com\/pt\/wp-json\/wp\/v2\/pages\/31\/revisions"}],"predecessor-version":[{"id":252,"href":"https:\/\/catfishlens.com\/pt\/wp-json\/wp\/v2\/pages\/31\/revisions\/252"}],"wp:attachment":[{"href":"https:\/\/catfishlens.com\/pt\/wp-json\/wp\/v2\/media?parent=31"}],"curies":[{"name":"wp","href":"https:\/\/api.w.org\/{rel}","templated":true}]}}