{"id":286,"date":"2026-04-14T06:39:37","date_gmt":"2026-04-14T06:39:37","guid":{"rendered":"https:\/\/catfishlens.com\/?page_id=286"},"modified":"2026-04-14T06:39:39","modified_gmt":"2026-04-14T06:39:39","slug":"sobre-nos","status":"publish","type":"page","link":"https:\/\/catfishlens.com\/pt\/about-us\/","title":{"rendered":"Sobre N\u00f3s"},"content":{"rendered":"<h2 class=\"wp-block-heading\">Por que o CatfishLens Existe<\/h2>\n\n\n\n<p>Perfis online s\u00e3o f\u00e1ceis de falsificar, fotos s\u00e3o roubadas, identidades s\u00e3o reutilizadas e est\u00e1 cada vez mais dif\u00edcil dizer o que \u00e9 real.<br>N\u00f3s constru\u00edmos o CatfishLens porque as pessoas continuavam fazendo a mesma pergunta:<\/p>\n\n\n\n<p><strong>\u201cEssa pessoa \u00e9 realmente real?\u201d<\/strong><\/p>\n\n\n\n<p>A maioria das ferramentas de pesquisa reversa de imagens n\u00e3o foi criada para isso. Elas mostram fotos semelhantes, n\u00e3o respostas. O CatfishLens existe para preencher essa lacuna, para transformar uma \u00fanica foto em algo que voc\u00ea realmente possa entender e confiar.<\/p>\n\n\n\n<hr class=\"wp-block-separator has-alpha-channel-opacity\"\/>\n\n\n\n<h2 class=\"wp-block-heading\">\ud83e\udde0 O que o CatfishLens Faz<\/h2>\n\n\n\n<p>CatfishLens \u00e9 uma ferramenta de busca reversa de imagens e rostos projetada especificamente para <strong>verifica\u00e7\u00e3o de identidade<\/strong>.<br>Voc\u00ea carrega uma foto e ela te ajuda a ver onde esse rosto aparece online, como ele \u00e9 usado e se mostra sinais de ser falso ou reutilizado.<\/p>\n\n\n\n<p>Ele combina <strong>correspond\u00eancia facial, busca multiplataforma e sinais de identidade<\/strong> para ajudar voc\u00ea:<\/p>\n\n\n\n<ul class=\"wp-block-list\">\n<li>Detectar perfis falsos e catfish<\/li>\n\n\n\n<li>Encontrar fotos reutilizadas ou roubadas<\/li>\n\n\n\n<li>Identificar identidades inconsistentes ou suspeitas<\/li>\n\n\n\n<li>Entenda se um perfil tem presen\u00e7a online real<\/li>\n<\/ul>\n\n\n\n<p>O objetivo n\u00e3o \u00e9 apenas encontrar imagens, \u00e9 te dar <strong>clareza<\/strong>.<\/p>\n\n\n\n<hr class=\"wp-block-separator has-alpha-channel-opacity\"\/>\n\n\n\n<h2 class=\"wp-block-heading\">\ud83e\udd1d Nossa Abordagem<\/h2>\n\n\n\n<p>Mantemos as coisas simples:<br><strong>ajudar as pessoas a tomar melhores decis\u00f5es online.<\/strong><\/p>\n\n\n\n<p>N\u00e3o \u00e9 necess\u00e1rio ter conta. Sem ferramentas complicadas. N\u00e3o precisa adivinhar o que os resultados significam.<\/p>\n\n\n\n<p>N\u00f3s nos concentramos em:<\/p>\n\n\n\n<ul class=\"wp-block-list\">\n<li><strong>Clareza sobre dados brutos<\/strong><\/li>\n\n\n\n<li><strong>Pesquisa com foco em privacidade<\/strong><\/li>\n\n\n\n<li><strong>Casos de uso do mundo real<\/strong> (namoro, redes sociais, contatos desconhecidos)<\/li>\n<\/ul>\n\n\n\n<p>Porque no fim das contas, isto n\u00e3o \u00e9 sobre tecnologia, \u00e9 sobre ajudar voc\u00ea a evitar ser enganado, manipulado ou v\u00edtima de golpes online.<\/p>\n\n\n\n<h2 class=\"wp-block-heading\">\u2764\ufe0f Uma Verdadeira Hist\u00f3ria de Catfish por Tr\u00e1s Disso<\/h2>\n\n\n\n<p>Algu\u00e9m compartilhou como conheceu uma mulher por meio de um aplicativo de mensagens. Ela era envolvente, consistente e sabia como manter a conversa fluindo. Eles conversaram todos os dias por semanas, sobre assuntos da vida normal, pequenos detalhes, at\u00e9 planos para se encontrarem. Nada parecia apressado no in\u00edcio, e ela nunca pediu dinheiro, o que fez tudo parecer mais real.<\/p>\n\n\n\n<p>Mas havia pequenas coisas que n\u00e3o faziam sentido. Ela evitava videochamadas, sempre tinha uma desculpa para n\u00e3o compartilhar redes sociais, e \u00e0s vezes a conversa mudava repentinamente para um tom pessoal ou sexual, do nada. Ent\u00e3o ela come\u00e7ou a insistir para nos encontrarmos rapidamente, quase como se esse fosse o \u00fanico objetivo.<\/p>\n\n\n\n<p>Foi a\u00ed que a d\u00favida surgiu.<\/p>\n\n\n\n<p>Eles passaram a foto de perfil dela por uma busca reversa de rostos, e ela apareceu em v\u00e1rias contas. Mesma face, nomes diferentes, at\u00e9 ligada a uma pessoa real com uma identidade completamente diferente em outra plataforma.<\/p>\n\n\n\n<p>Nenhum dinheiro foi perdido. Mas semanas de conversa, confian\u00e7a e energia emocional foram constru\u00eddas sobre algo falso, e \u00e9 isso que mais ficou com eles.<\/p>","protected":false},"excerpt":{"rendered":"<p>Why CatfishLens Exists Online profiles are easy to fake, photos get stolen, identities get reused, and it\u2019s getting harder to tell what\u2019s real.We built CatfishLens because people kept asking the same question: \u201cIs this person actually real?\u201d Most reverse image search tools weren\u2019t built for that. They show similar pictures, not answers. CatfishLens exists to [&hellip;]<\/p>\n","protected":false},"author":1,"featured_media":0,"parent":0,"menu_order":0,"comment_status":"closed","ping_status":"closed","template":"","meta":{"footnotes":""},"class_list":["post-286","page","type-page","status-publish","hentry"],"yoast_head":"<!-- This site is optimized with the Yoast SEO plugin v27.3 - https:\/\/yoast.com\/product\/yoast-seo-wordpress\/ -->\n<title>About Us - CatfishLens<\/title>\n<meta name=\"robots\" content=\"index, follow, max-snippet:-1, max-image-preview:large, max-video-preview:-1\" \/>\n<link rel=\"canonical\" href=\"https:\/\/catfishlens.com\/pt\/sobre-nos\/\" \/>\n<meta property=\"og:locale\" content=\"pt_BR\" \/>\n<meta property=\"og:type\" content=\"article\" \/>\n<meta property=\"og:title\" content=\"About Us - CatfishLens\" \/>\n<meta property=\"og:description\" content=\"Why CatfishLens Exists Online profiles are easy to fake, photos get stolen, identities get reused, and it\u2019s getting harder to tell what\u2019s real.We built CatfishLens because people kept asking the same question: \u201cIs this person actually real?\u201d Most reverse image search tools weren\u2019t built for that. They show similar pictures, not answers. CatfishLens exists to [&hellip;]\" \/>\n<meta property=\"og:url\" content=\"https:\/\/catfishlens.com\/pt\/sobre-nos\/\" \/>\n<meta property=\"og:site_name\" content=\"CatfishLens\" \/>\n<meta property=\"article:publisher\" content=\"https:\/\/www.facebook.com\/catfishlens\" \/>\n<meta property=\"article:modified_time\" content=\"2026-04-14T06:39:39+00:00\" \/>\n<meta name=\"twitter:card\" content=\"summary_large_image\" \/>\n<meta name=\"twitter:label1\" content=\"Est. tempo de leitura\" \/>\n\t<meta name=\"twitter:data1\" content=\"2 minutos\" \/>\n<script type=\"application\/ld+json\" class=\"yoast-schema-graph\">{\"@context\":\"https:\\\/\\\/schema.org\",\"@graph\":[{\"@type\":\"WebPage\",\"@id\":\"https:\\\/\\\/catfishlens.com\\\/about-us\\\/\",\"url\":\"https:\\\/\\\/catfishlens.com\\\/about-us\\\/\",\"name\":\"About Us - CatfishLens\",\"isPartOf\":{\"@id\":\"https:\\\/\\\/catfishlens.com\\\/#website\"},\"datePublished\":\"2026-04-14T06:39:37+00:00\",\"dateModified\":\"2026-04-14T06:39:39+00:00\",\"breadcrumb\":{\"@id\":\"https:\\\/\\\/catfishlens.com\\\/about-us\\\/#breadcrumb\"},\"inLanguage\":\"pt-BR\",\"potentialAction\":[{\"@type\":\"ReadAction\",\"target\":[\"https:\\\/\\\/catfishlens.com\\\/about-us\\\/\"]}]},{\"@type\":\"BreadcrumbList\",\"@id\":\"https:\\\/\\\/catfishlens.com\\\/about-us\\\/#breadcrumb\",\"itemListElement\":[{\"@type\":\"ListItem\",\"position\":1,\"name\":\"Home\",\"item\":\"https:\\\/\\\/catfishlens.com\\\/\"},{\"@type\":\"ListItem\",\"position\":2,\"name\":\"About Us\"}]},{\"@type\":\"WebSite\",\"@id\":\"https:\\\/\\\/catfishlens.com\\\/#website\",\"url\":\"https:\\\/\\\/catfishlens.com\\\/\",\"name\":\"CatfishLens\",\"description\":\"Best Catfish Reverse Image Search Engine\",\"publisher\":{\"@id\":\"https:\\\/\\\/catfishlens.com\\\/#organization\"},\"potentialAction\":[{\"@type\":\"SearchAction\",\"target\":{\"@type\":\"EntryPoint\",\"urlTemplate\":\"https:\\\/\\\/catfishlens.com\\\/?s={search_term_string}\"},\"query-input\":{\"@type\":\"PropertyValueSpecification\",\"valueRequired\":true,\"valueName\":\"search_term_string\"}}],\"inLanguage\":\"pt-BR\"},{\"@type\":\"Organization\",\"@id\":\"https:\\\/\\\/catfishlens.com\\\/#organization\",\"name\":\"CatfishLens\",\"url\":\"https:\\\/\\\/catfishlens.com\\\/\",\"logo\":{\"@type\":\"ImageObject\",\"inLanguage\":\"pt-BR\",\"@id\":\"https:\\\/\\\/catfishlens.com\\\/#\\\/schema\\\/logo\\\/image\\\/\",\"url\":\"https:\\\/\\\/catfishlens.com\\\/wp-content\\\/uploads\\\/2026\\\/03\\\/CatfishLens-Logo.png\",\"contentUrl\":\"https:\\\/\\\/catfishlens.com\\\/wp-content\\\/uploads\\\/2026\\\/03\\\/CatfishLens-Logo.png\",\"width\":1536,\"height\":1024,\"caption\":\"CatfishLens\"},\"image\":{\"@id\":\"https:\\\/\\\/catfishlens.com\\\/#\\\/schema\\\/logo\\\/image\\\/\"},\"sameAs\":[\"https:\\\/\\\/www.facebook.com\\\/catfishlens\"]}]}<\/script>\n<!-- \/ Yoast SEO plugin. -->","yoast_head_json":{"title":"Sobre N\u00f3s - CatfishLens","robots":{"index":"index","follow":"follow","max-snippet":"max-snippet:-1","max-image-preview":"max-image-preview:large","max-video-preview":"max-video-preview:-1"},"canonical":"https:\/\/catfishlens.com\/pt\/sobre-nos\/","og_locale":"pt_BR","og_type":"article","og_title":"About Us - CatfishLens","og_description":"Why CatfishLens Exists Online profiles are easy to fake, photos get stolen, identities get reused, and it\u2019s getting harder to tell what\u2019s real.We built CatfishLens because people kept asking the same question: \u201cIs this person actually real?\u201d Most reverse image search tools weren\u2019t built for that. They show similar pictures, not answers. CatfishLens exists to [&hellip;]","og_url":"https:\/\/catfishlens.com\/pt\/sobre-nos\/","og_site_name":"CatfishLens","article_publisher":"https:\/\/www.facebook.com\/catfishlens","article_modified_time":"2026-04-14T06:39:39+00:00","twitter_card":"summary_large_image","twitter_misc":{"Est. tempo de leitura":"2 minutos"},"schema":{"@context":"https:\/\/schema.org","@graph":[{"@type":"WebPage","@id":"https:\/\/catfishlens.com\/about-us\/","url":"https:\/\/catfishlens.com\/about-us\/","name":"Sobre N\u00f3s - CatfishLens","isPartOf":{"@id":"https:\/\/catfishlens.com\/#website"},"datePublished":"2026-04-14T06:39:37+00:00","dateModified":"2026-04-14T06:39:39+00:00","breadcrumb":{"@id":"https:\/\/catfishlens.com\/about-us\/#breadcrumb"},"inLanguage":"pt-BR","potentialAction":[{"@type":"ReadAction","target":["https:\/\/catfishlens.com\/about-us\/"]}]},{"@type":"BreadcrumbList","@id":"https:\/\/catfishlens.com\/about-us\/#breadcrumb","itemListElement":[{"@type":"ListItem","position":1,"name":"Home","item":"https:\/\/catfishlens.com\/"},{"@type":"ListItem","position":2,"name":"About Us"}]},{"@type":"WebSite","@id":"https:\/\/catfishlens.com\/#website","url":"https:\/\/catfishlens.com\/","name":"CatfishLens","description":"Melhor motor de busca reversa de imagens de peixe-gato","publisher":{"@id":"https:\/\/catfishlens.com\/#organization"},"potentialAction":[{"@type":"SearchAction","target":{"@type":"EntryPoint","urlTemplate":"https:\/\/catfishlens.com\/?s={search_term_string}"},"query-input":{"@type":"PropertyValueSpecification","valueRequired":true,"valueName":"search_term_string"}}],"inLanguage":"pt-BR"},{"@type":"Organization","@id":"https:\/\/catfishlens.com\/#organization","name":"CatfishLens","url":"https:\/\/catfishlens.com\/","logo":{"@type":"ImageObject","inLanguage":"pt-BR","@id":"https:\/\/catfishlens.com\/#\/schema\/logo\/image\/","url":"https:\/\/catfishlens.com\/wp-content\/uploads\/2026\/03\/CatfishLens-Logo.png","contentUrl":"https:\/\/catfishlens.com\/wp-content\/uploads\/2026\/03\/CatfishLens-Logo.png","width":1536,"height":1024,"caption":"CatfishLens"},"image":{"@id":"https:\/\/catfishlens.com\/#\/schema\/logo\/image\/"},"sameAs":["https:\/\/www.facebook.com\/catfishlens"]}]}},"_links":{"self":[{"href":"https:\/\/catfishlens.com\/pt\/wp-json\/wp\/v2\/pages\/286","targetHints":{"allow":["GET"]}}],"collection":[{"href":"https:\/\/catfishlens.com\/pt\/wp-json\/wp\/v2\/pages"}],"about":[{"href":"https:\/\/catfishlens.com\/pt\/wp-json\/wp\/v2\/types\/page"}],"author":[{"embeddable":true,"href":"https:\/\/catfishlens.com\/pt\/wp-json\/wp\/v2\/users\/1"}],"replies":[{"embeddable":true,"href":"https:\/\/catfishlens.com\/pt\/wp-json\/wp\/v2\/comments?post=286"}],"version-history":[{"count":2,"href":"https:\/\/catfishlens.com\/pt\/wp-json\/wp\/v2\/pages\/286\/revisions"}],"predecessor-version":[{"id":288,"href":"https:\/\/catfishlens.com\/pt\/wp-json\/wp\/v2\/pages\/286\/revisions\/288"}],"wp:attachment":[{"href":"https:\/\/catfishlens.com\/pt\/wp-json\/wp\/v2\/media?parent=286"}],"curies":[{"name":"wp","href":"https:\/\/api.w.org\/{rel}","templated":true}]}}