{"id":50,"date":"2026-03-25T08:12:28","date_gmt":"2026-03-25T08:12:28","guid":{"rendered":"https:\/\/catfishlens.com\/?page_id=50"},"modified":"2026-03-25T08:12:46","modified_gmt":"2026-03-25T08:12:46","slug":"contact","status":"publish","type":"page","link":"https:\/\/catfishlens.com\/fr\/contact\/","title":{"rendered":"Nous contacter"},"content":{"rendered":"<p>Pour obtenir de l'aide, des demandes de suppression ou des questions g\u00e9n\u00e9rales, contactez-nous \u00e0 tout moment.<\/p>\n\n\n\n<hr class=\"wp-block-separator has-alpha-channel-opacity\"\/>\n\n\n\n<p>Courriel<\/p>\n\n\n\n<p><strong><a>support@catfishlens.com<\/a><\/strong><\/p>\n\n\n\n<hr class=\"wp-block-separator has-alpha-channel-opacity\"\/>\n\n\n\n<p>\ud83d\udcdd Que faut-il inclure<\/p>\n\n\n\n<ul class=\"wp-block-list\">\n<li>Description claire de votre demande<\/li>\n\n\n\n<li>Liens ou captures d'\u00e9cran (si pertinent)<\/li>\n<\/ul>\n\n\n\n<hr class=\"wp-block-separator has-alpha-channel-opacity\"\/>\n\n\n\n<p>\ud83d\udd52 Temps de r\u00e9ponse<\/p>\n\n\n\n<p>La plupart des demandes sont trait\u00e9es dans <strong>24\u201348 heures<\/strong>.<\/p>\n\n\n\n<hr class=\"wp-block-separator has-alpha-channel-opacity\"\/>\n\n\n\n<p>\ud83d\udd10 Confidentialit\u00e9<\/p>\n\n\n\n<p>Vos informations sont utilis\u00e9es uniquement pour traiter votre demande.<\/p>\n\n\n\n<p><\/p>","protected":false},"excerpt":{"rendered":"<p>Pour tout support, demande de suppression ou question g\u00e9n\u00e9rale, contactez-nous \u00e0 tout moment. \ud83d\udcec Envoyez un e-mail \u00e0 support@catfishlens.com \ud83d\udcdd Ce qu'il faut inclure \ud83d\udd52 Temps de r\u00e9ponse La plupart des demandes sont trait\u00e9es dans un d\u00e9lai de 24 \u00e0 48 heures. \ud83d\udd10 Confidentialit\u00e9 Vos informations sont utilis\u00e9es uniquement pour traiter votre demande.<\/p>","protected":false},"author":1,"featured_media":0,"parent":0,"menu_order":0,"comment_status":"closed","ping_status":"closed","template":"","meta":{"footnotes":""},"class_list":["post-50","page","type-page","status-publish","hentry"],"yoast_head":"<!-- This site is optimized with the Yoast SEO plugin v27.3 - https:\/\/yoast.com\/product\/yoast-seo-wordpress\/ -->\n<title>Contact Us - CatfishLens<\/title>\n<meta name=\"robots\" content=\"index, follow, max-snippet:-1, max-image-preview:large, max-video-preview:-1\" \/>\n<link rel=\"canonical\" href=\"https:\/\/catfishlens.com\/fr\/contact\/\" \/>\n<meta property=\"og:locale\" content=\"fr_FR\" \/>\n<meta property=\"og:type\" content=\"article\" \/>\n<meta property=\"og:title\" content=\"Contact Us - CatfishLens\" \/>\n<meta property=\"og:description\" content=\"For support, removal requests, or general questions, contact us anytime. \ud83d\udcec Email support@catfishlens.com \ud83d\udcdd What to include \ud83d\udd52 Response time Most requests are answered within 24\u201348 hours. \ud83d\udd10 Privacy Your information is used only to handle your request.\" \/>\n<meta property=\"og:url\" content=\"https:\/\/catfishlens.com\/fr\/contact\/\" \/>\n<meta property=\"og:site_name\" content=\"CatfishLens\" \/>\n<meta property=\"article:publisher\" content=\"https:\/\/www.facebook.com\/catfishlens\" \/>\n<meta property=\"article:modified_time\" content=\"2026-03-25T08:12:46+00:00\" \/>\n<meta name=\"twitter:card\" content=\"summary_large_image\" \/>\n<script type=\"application\/ld+json\" class=\"yoast-schema-graph\">{\"@context\":\"https:\\\/\\\/schema.org\",\"@graph\":[{\"@type\":\"WebPage\",\"@id\":\"https:\\\/\\\/catfishlens.com\\\/contact\\\/\",\"url\":\"https:\\\/\\\/catfishlens.com\\\/contact\\\/\",\"name\":\"Contact Us - CatfishLens\",\"isPartOf\":{\"@id\":\"https:\\\/\\\/catfishlens.com\\\/#website\"},\"datePublished\":\"2026-03-25T08:12:28+00:00\",\"dateModified\":\"2026-03-25T08:12:46+00:00\",\"breadcrumb\":{\"@id\":\"https:\\\/\\\/catfishlens.com\\\/contact\\\/#breadcrumb\"},\"inLanguage\":\"fr-FR\",\"potentialAction\":[{\"@type\":\"ReadAction\",\"target\":[\"https:\\\/\\\/catfishlens.com\\\/contact\\\/\"]}]},{\"@type\":\"BreadcrumbList\",\"@id\":\"https:\\\/\\\/catfishlens.com\\\/contact\\\/#breadcrumb\",\"itemListElement\":[{\"@type\":\"ListItem\",\"position\":1,\"name\":\"Home\",\"item\":\"https:\\\/\\\/catfishlens.com\\\/\"},{\"@type\":\"ListItem\",\"position\":2,\"name\":\"Contact Us\"}]},{\"@type\":\"WebSite\",\"@id\":\"https:\\\/\\\/catfishlens.com\\\/#website\",\"url\":\"https:\\\/\\\/catfishlens.com\\\/\",\"name\":\"CatfishLens\",\"description\":\"Best Catfish Reverse Image Search Engine\",\"publisher\":{\"@id\":\"https:\\\/\\\/catfishlens.com\\\/#organization\"},\"potentialAction\":[{\"@type\":\"SearchAction\",\"target\":{\"@type\":\"EntryPoint\",\"urlTemplate\":\"https:\\\/\\\/catfishlens.com\\\/?s={search_term_string}\"},\"query-input\":{\"@type\":\"PropertyValueSpecification\",\"valueRequired\":true,\"valueName\":\"search_term_string\"}}],\"inLanguage\":\"fr-FR\"},{\"@type\":\"Organization\",\"@id\":\"https:\\\/\\\/catfishlens.com\\\/#organization\",\"name\":\"CatfishLens\",\"url\":\"https:\\\/\\\/catfishlens.com\\\/\",\"logo\":{\"@type\":\"ImageObject\",\"inLanguage\":\"fr-FR\",\"@id\":\"https:\\\/\\\/catfishlens.com\\\/#\\\/schema\\\/logo\\\/image\\\/\",\"url\":\"https:\\\/\\\/catfishlens.com\\\/wp-content\\\/uploads\\\/2026\\\/03\\\/CatfishLens-Logo.png\",\"contentUrl\":\"https:\\\/\\\/catfishlens.com\\\/wp-content\\\/uploads\\\/2026\\\/03\\\/CatfishLens-Logo.png\",\"width\":1536,\"height\":1024,\"caption\":\"CatfishLens\"},\"image\":{\"@id\":\"https:\\\/\\\/catfishlens.com\\\/#\\\/schema\\\/logo\\\/image\\\/\"},\"sameAs\":[\"https:\\\/\\\/www.facebook.com\\\/catfishlens\"]}]}<\/script>\n<!-- \/ Yoast SEO plugin. -->","yoast_head_json":{"title":"Contactez-nous - CatfishLens","robots":{"index":"index","follow":"follow","max-snippet":"max-snippet:-1","max-image-preview":"max-image-preview:large","max-video-preview":"max-video-preview:-1"},"canonical":"https:\/\/catfishlens.com\/fr\/contact\/","og_locale":"fr_FR","og_type":"article","og_title":"Contact Us - CatfishLens","og_description":"For support, removal requests, or general questions, contact us anytime. \ud83d\udcec Email support@catfishlens.com \ud83d\udcdd What to include \ud83d\udd52 Response time Most requests are answered within 24\u201348 hours. \ud83d\udd10 Privacy Your information is used only to handle your request.","og_url":"https:\/\/catfishlens.com\/fr\/contact\/","og_site_name":"CatfishLens","article_publisher":"https:\/\/www.facebook.com\/catfishlens","article_modified_time":"2026-03-25T08:12:46+00:00","twitter_card":"summary_large_image","schema":{"@context":"https:\/\/schema.org","@graph":[{"@type":"WebPage","@id":"https:\/\/catfishlens.com\/contact\/","url":"https:\/\/catfishlens.com\/contact\/","name":"Contactez-nous - CatfishLens","isPartOf":{"@id":"https:\/\/catfishlens.com\/#website"},"datePublished":"2026-03-25T08:12:28+00:00","dateModified":"2026-03-25T08:12:46+00:00","breadcrumb":{"@id":"https:\/\/catfishlens.com\/contact\/#breadcrumb"},"inLanguage":"fr-FR","potentialAction":[{"@type":"ReadAction","target":["https:\/\/catfishlens.com\/contact\/"]}]},{"@type":"BreadcrumbList","@id":"https:\/\/catfishlens.com\/contact\/#breadcrumb","itemListElement":[{"@type":"ListItem","position":1,"name":"Home","item":"https:\/\/catfishlens.com\/"},{"@type":"ListItem","position":2,"name":"Contact Us"}]},{"@type":"WebSite","@id":"https:\/\/catfishlens.com\/#website","url":"https:\/\/catfishlens.com\/","name":"CatfishLens","description":"Meilleur moteur de recherche d'images invers\u00e9es de poissons-chats","publisher":{"@id":"https:\/\/catfishlens.com\/#organization"},"potentialAction":[{"@type":"SearchAction","target":{"@type":"EntryPoint","urlTemplate":"https:\/\/catfishlens.com\/?s={search_term_string}"},"query-input":{"@type":"PropertyValueSpecification","valueRequired":true,"valueName":"search_term_string"}}],"inLanguage":"fr-FR"},{"@type":"Organization","@id":"https:\/\/catfishlens.com\/#organization","name":"CatfishLens","url":"https:\/\/catfishlens.com\/","logo":{"@type":"ImageObject","inLanguage":"fr-FR","@id":"https:\/\/catfishlens.com\/#\/schema\/logo\/image\/","url":"https:\/\/catfishlens.com\/wp-content\/uploads\/2026\/03\/CatfishLens-Logo.png","contentUrl":"https:\/\/catfishlens.com\/wp-content\/uploads\/2026\/03\/CatfishLens-Logo.png","width":1536,"height":1024,"caption":"CatfishLens"},"image":{"@id":"https:\/\/catfishlens.com\/#\/schema\/logo\/image\/"},"sameAs":["https:\/\/www.facebook.com\/catfishlens"]}]}},"_links":{"self":[{"href":"https:\/\/catfishlens.com\/fr\/wp-json\/wp\/v2\/pages\/50","targetHints":{"allow":["GET"]}}],"collection":[{"href":"https:\/\/catfishlens.com\/fr\/wp-json\/wp\/v2\/pages"}],"about":[{"href":"https:\/\/catfishlens.com\/fr\/wp-json\/wp\/v2\/types\/page"}],"author":[{"embeddable":true,"href":"https:\/\/catfishlens.com\/fr\/wp-json\/wp\/v2\/users\/1"}],"replies":[{"embeddable":true,"href":"https:\/\/catfishlens.com\/fr\/wp-json\/wp\/v2\/comments?post=50"}],"version-history":[{"count":4,"href":"https:\/\/catfishlens.com\/fr\/wp-json\/wp\/v2\/pages\/50\/revisions"}],"predecessor-version":[{"id":54,"href":"https:\/\/catfishlens.com\/fr\/wp-json\/wp\/v2\/pages\/50\/revisions\/54"}],"wp:attachment":[{"href":"https:\/\/catfishlens.com\/fr\/wp-json\/wp\/v2\/media?parent=50"}],"curies":[{"name":"wp","href":"https:\/\/api.w.org\/{rel}","templated":true}]}}