{"id":31,"date":"2026-03-25T07:53:11","date_gmt":"2026-03-25T07:53:11","guid":{"rendered":"https:\/\/catfishlens.com\/?page_id=31"},"modified":"2026-04-10T08:34:42","modified_gmt":"2026-04-10T08:34:42","slug":"tarification","status":"publish","type":"page","link":"https:\/\/catfishlens.com\/fr\/pricing\/","title":{"rendered":"Prix"},"content":{"rendered":"<div class=\"wp-block-columns alignwide is-layout-flex wp-container-core-columns-is-layout-d2da2050 wp-block-columns-is-layout-flex\" style=\"margin-bottom:0\">\n<div class=\"wp-block-column has-text-color has-background has-link-color wp-elements-f1fc8c3456d66ac88f8756b6899da25f is-layout-flow wp-block-column-is-layout-flow\" style=\"color:#000000;background-color:#d1d1e1;padding-top:2em;padding-right:2em;padding-bottom:2em;padding-left:2em\">\n<h2 class=\"wp-block-heading\" id=\"family\" style=\"font-size:clamp(24.034px, 1.502rem + ((1vw - 3.2px) * 1.663), 40px);\"><strong><strong>Attrape-v\u00e9rification (2 cr\u00e9dits)<\/strong><\/strong><\/h2>\n\n\n\n<p class=\"has-normal-font-size\" style=\"line-height:1.5\"><em>V\u00e9rification rapide avant que vous ne mordiez \u00e0 l'hame\u00e7on<\/em><\/p>\n\n\n\n<hr class=\"wp-block-separator has-css-opacity is-style-wide\"\/>\n\n\n\n<ul class=\"wp-block-list has-normal-font-size\">\n<li>2 recherches (cr\u00e9dits)<\/li>\n\n\n\n<li>Moteur de recherche invers\u00e9 d'images (moteur principal)<\/li>\n\n\n\n<li>Allumettes basiques + sources limit\u00e9es<\/li>\n\n\n\n<li>D\u00e9tecter les photos r\u00e9utilis\u00e9es<\/li>\n\n\n\n<li>D\u00e9tecteur d'images IA<\/li>\n<\/ul>\n\n\n\n<div class=\"wp-block-buttons alignfull is-horizontal is-content-justification-center is-layout-flex wp-container-core-buttons-is-layout-03627597 wp-block-buttons-is-layout-flex\">\n<div class=\"wp-block-button has-custom-width wp-block-button__width-100 is-style-fill\"><a class=\"wp-block-button__link has-white-color has-text-color has-background no-border-radius wp-element-button\" href=\"\/fr\/checkout\/?add-to-cart=250\" style=\"background-color:#000000\">$4.95<\/a><\/div>\n<\/div>\n<\/div>\n\n\n\n<div class=\"wp-block-column has-text-color has-background has-link-color wp-elements-a4e439b172e90306d4d6dea7cc9e81c2 is-layout-flow wp-block-column-is-layout-flow\" style=\"color:#000000;background-color:#c0ebf1;padding-top:2em;padding-right:2em;padding-bottom:2em;padding-left:2em\">\n<h2 class=\"wp-block-heading\" id=\"patron\" style=\"font-size:clamp(24.034px, 1.502rem + ((1vw - 3.2px) * 1.663), 40px);\"><strong>Prise Profonde (5 Cr\u00e9dits)<\/strong><\/h2>\n\n\n\n<p class=\"has-normal-font-size\"><strong><em>Voyez l'image compl\u00e8te avant de faire confiance<\/em><\/strong><\/p>\n\n\n\n<hr class=\"wp-block-separator has-css-opacity is-style-wide\"\/>\n\n\n\n<ul class=\"wp-block-list has-normal-font-size\">\n<li>5 recherches (cr\u00e9dits)<\/li>\n\n\n\n<li>Recherche invers\u00e9e compl\u00e8te du visage (scan approfondi)<\/li>\n\n\n\n<li>Correspondances \u00e9tendues + visages similaires<\/li>\n\n\n\n<li>Analyse approfondie sur les r\u00e9seaux sociaux et les applications de rencontre<\/li>\n\n\n\n<li>D\u00e9tection de mod\u00e8les d'identit\u00e9 (multi-comptes)<\/li>\n\n\n\n<li>D\u00e9tecteur d'images IA<\/li>\n\n\n\n<li>Signaux de risque maximal<\/li>\n<\/ul>\n\n\n\n<div class=\"wp-block-buttons alignfull is-horizontal is-content-justification-center is-layout-flex wp-container-core-buttons-is-layout-03627597 wp-block-buttons-is-layout-flex\">\n<div class=\"wp-block-button has-custom-width wp-block-button__width-100\"><a class=\"wp-block-button__link has-white-color has-text-color has-background no-border-radius wp-element-button\" href=\"\/fr\/checkout\/?add-to-cart=111\" style=\"background-color:#000000\">$9.95<\/a><\/div>\n<\/div>\n<\/div>\n<\/div>\n\n\n\n<h2 class=\"wp-block-heading\">Ce que vous obtenez<\/h2>\n\n\n\n<figure class=\"wp-block-table\"><table><thead><tr><th>Fonctionnalit\u00e9<\/th><th>Attrape-v\u00e9rification (2 cr\u00e9dits)<\/th><th>Prise Profonde (5 Cr\u00e9dits)<\/th><\/tr><\/thead><tbody><tr><td>Recherche invers\u00e9e de visage<\/td><td>\u2713<\/td><td>\u2713<\/td><\/tr><tr><td>Aper\u00e7u des matchs<\/td><td>Limit\u00e9<\/td><td>Acc\u00e8s complet<\/td><\/tr><tr><td>Balayage des m\u00e9dias sociaux<\/td><td>De base<\/td><td>Analyse approfondie<\/td><\/tr><tr><td>Applications de rencontres Scan<\/td><td>De base<\/td><td>Couverture int\u00e9grale<\/td><\/tr><tr><td>D\u00e9tection de visages similaires<\/td><td>\u2713<\/td><td>\u2713 (D\u00e9velopp\u00e9)<\/td><\/tr><tr><td>D\u00e9tecteur d'images IA<\/td><td>De base<\/td><td>Avanc\u00e9<\/td><\/tr><tr><td>D\u00e9tection des mod\u00e8les d'identit\u00e9<\/td><td>\u2014<\/td><td>\u2713<\/td><\/tr><tr><td>Signaux de risque (Propre\/Suspect)<\/td><td>\u2713<\/td><td>\u2713 (D\u00e9taill\u00e9)<\/td><\/tr><\/tbody><\/table><\/figure>\n\n\n\n<hr class=\"wp-block-separator has-alpha-channel-opacity\"\/>\n\n\n\n<h2 class=\"wp-block-heading\">\ud83e\udde0 Comment fonctionnent les cr\u00e9dits<\/h2>\n\n\n\n<p><strong>1 cr\u00e9dit = 1 scan complet<\/strong><br>Utilisez un cr\u00e9dit pour d\u00e9bloquer les r\u00e9sultats complets d'une photo.<\/p>\n\n\n\n<hr class=\"wp-block-separator has-alpha-channel-opacity\"\/>\n\n\n\n<h2 class=\"wp-block-heading\">FAQ sur les prix<\/h2>\n\n\n\n<h3 class=\"wp-block-heading\">\u2753 Comment fonctionnent les cr\u00e9dits CatfishLens ?<\/h3>\n\n\n\n<p>CatfishLens utilise un syst\u00e8me de cr\u00e9dits o\u00f9 <strong>1 cr\u00e9dit d\u00e9bloque 1 analyse compl\u00e8te<\/strong>, y compris les correspondances, les sources et les signaux d'identit\u00e9.<\/p>\n\n\n\n<hr class=\"wp-block-separator has-alpha-channel-opacity\"\/>\n\n\n\n<h3 class=\"wp-block-heading\">\u2753 Ai-je besoin d'un abonnement pour utiliser CatfishLens ?<\/h3>\n\n\n\n<p>CatfishLens ne n\u00e9cessite pas d'abonnement. Vous pouvez acheter des cr\u00e9dits et les utiliser \u00e0 tout moment sans frais r\u00e9currents.<\/p>\n\n\n\n<hr class=\"wp-block-separator has-alpha-channel-opacity\"\/>\n\n\n\n<h3 class=\"wp-block-heading\">\u2753 Puis-je utiliser CatfishLens pour une v\u00e9rification unique ?<\/h3>\n\n\n\n<p>CatfishLens est con\u00e7u pour une utilisation unique ainsi que pour des v\u00e9rifications multiples, vous permettant ainsi de v\u00e9rifier un profil unique sans vous engager dans un plan.<\/p>\n\n\n\n<hr class=\"wp-block-separator has-alpha-channel-opacity\"\/>\n\n\n\n<h3 class=\"wp-block-heading\">\u2753 Quelle est la diff\u00e9rence entre Catch Check et Deep Catch ?<\/h3>\n\n\n\n<p>Catch Check propose un balayage rapide avec une profondeur limit\u00e9e, tandis que Deep Catch fournit une <strong>une analyse plus compl\u00e8te avec une couverture plus approfondie des m\u00e9dias sociaux et des applications de rencontres<\/strong>.<\/p>\n\n\n\n<hr class=\"wp-block-separator has-alpha-channel-opacity\"\/>\n\n\n\n<h3 class=\"wp-block-heading\">\u2753 Les cr\u00e9dits expirent-ils ?<\/h3>\n\n\n\n<p>Les cr\u00e9dits CatfishLens n'expirent pas et peuvent \u00eatre utilis\u00e9s quand vous en avez besoin.<\/p>\n\n\n\n<hr class=\"wp-block-separator has-alpha-channel-opacity\"\/>\n\n\n\n<h3 class=\"wp-block-heading\">\u2753 Que se passe-t-il apr\u00e8s avoir d\u00e9verrouill\u00e9 les r\u00e9sultats ?<\/h3>\n\n\n\n<p>Une fois les r\u00e9sultats d\u00e9bloqu\u00e9s, vous obtenez un acc\u00e8s complet aux correspondances, aux sources et aux signaux de risque pour cette analyse.<\/p>\n\n\n\n<hr class=\"wp-block-separator has-alpha-channel-opacity\"\/>\n\n\n\n<h3 class=\"wp-block-heading\">\u2753 Puis-je changer de forfait plus tard ?<\/h3>\n\n\n\n<p>CatfishLens vous permet d'acheter des cr\u00e9dits suppl\u00e9mentaires \u00e0 tout moment, vous pouvez donc adapter la taille en fonction de vos besoins.<\/p>\n\n\n\n<hr class=\"wp-block-separator has-alpha-channel-opacity\"\/>\n\n\n\n<h3 class=\"wp-block-heading\">\u2753 Y a-t-il des frais cach\u00e9s ?<\/h3>\n\n\n\n<p>CatfishLens utilise <strong>prix transparents<\/strong>, ainsi vous ne payez que les cr\u00e9dits que vous choisissez sans frais cach\u00e9s.<\/p>\n\n\n\n<hr class=\"wp-block-separator has-alpha-channel-opacity\"\/>\n\n\n\n<h3 class=\"wp-block-heading\">\u2753 Quels modes de paiement sont accept\u00e9s ?<\/h3>\n\n\n\n<p>CatfishLens prend en charge les m\u00e9thodes de paiement standard telles que les cartes de cr\u00e9dit et de d\u00e9bit pour des transactions s\u00e9curis\u00e9es.<\/p>\n\n\n\n<hr class=\"wp-block-separator has-alpha-channel-opacity\"\/>\n\n\n\n<h3 class=\"wp-block-heading\">\u2753 Y a-t-il une politique de remboursement ?<\/h3>\n\n\n\n<p>CatfishLens donne acc\u00e8s \u00e0 des r\u00e9sultats num\u00e9riques, ainsi les remboursements d\u00e9pendent de l'utilisation et si les r\u00e9sultats ont \u00e9t\u00e9 d\u00e9verrouill\u00e9s.<\/p>","protected":false},"excerpt":{"rendered":"<p>Catch Check (2 Credits) Quick check before you take the bait Deep Catch (5 Credits) See the full picture before you trust What You Get Feature Catch Check (2 Credits) Deep Catch (5 Credits) Reverse Face Search \u2713 \u2713 Matches Preview Limited Full Access Social Media Scan Basic Deep Scan Dating Apps Scan Basic Full [&hellip;]<\/p>\n","protected":false},"author":1,"featured_media":0,"parent":0,"menu_order":0,"comment_status":"closed","ping_status":"closed","template":"","meta":{"footnotes":""},"class_list":["post-31","page","type-page","status-publish","hentry"],"yoast_head":"<!-- This site is optimized with the Yoast SEO plugin v27.3 - https:\/\/yoast.com\/product\/yoast-seo-wordpress\/ -->\n<title>Pricing - CatfishLens<\/title>\n<meta name=\"robots\" content=\"index, follow, max-snippet:-1, max-image-preview:large, max-video-preview:-1\" \/>\n<link rel=\"canonical\" href=\"https:\/\/catfishlens.com\/fr\/tarification\/\" \/>\n<meta property=\"og:locale\" content=\"fr_FR\" \/>\n<meta property=\"og:type\" content=\"article\" \/>\n<meta property=\"og:title\" content=\"Pricing - CatfishLens\" \/>\n<meta property=\"og:description\" content=\"Catch Check (2 Credits) Quick check before you take the bait Deep Catch (5 Credits) See the full picture before you trust What You Get Feature Catch Check (2 Credits) Deep Catch (5 Credits) Reverse Face Search \u2713 \u2713 Matches Preview Limited Full Access Social Media Scan Basic Deep Scan Dating Apps Scan Basic Full [&hellip;]\" \/>\n<meta property=\"og:url\" content=\"https:\/\/catfishlens.com\/fr\/tarification\/\" \/>\n<meta property=\"og:site_name\" content=\"CatfishLens\" \/>\n<meta property=\"article:publisher\" content=\"https:\/\/www.facebook.com\/catfishlens\" \/>\n<meta property=\"article:modified_time\" content=\"2026-04-10T08:34:42+00:00\" \/>\n<meta name=\"twitter:card\" content=\"summary_large_image\" \/>\n<meta name=\"twitter:label1\" content=\"Dur\u00e9e de lecture estim\u00e9e\" \/>\n\t<meta name=\"twitter:data1\" content=\"2 minutes\" \/>\n<script type=\"application\/ld+json\" class=\"yoast-schema-graph\">{\"@context\":\"https:\\\/\\\/schema.org\",\"@graph\":[{\"@type\":\"WebPage\",\"@id\":\"https:\\\/\\\/catfishlens.com\\\/pricing\\\/\",\"url\":\"https:\\\/\\\/catfishlens.com\\\/pricing\\\/\",\"name\":\"Pricing - CatfishLens\",\"isPartOf\":{\"@id\":\"https:\\\/\\\/catfishlens.com\\\/#website\"},\"datePublished\":\"2026-03-25T07:53:11+00:00\",\"dateModified\":\"2026-04-10T08:34:42+00:00\",\"breadcrumb\":{\"@id\":\"https:\\\/\\\/catfishlens.com\\\/pricing\\\/#breadcrumb\"},\"inLanguage\":\"fr-FR\",\"potentialAction\":[{\"@type\":\"ReadAction\",\"target\":[\"https:\\\/\\\/catfishlens.com\\\/pricing\\\/\"]}]},{\"@type\":\"BreadcrumbList\",\"@id\":\"https:\\\/\\\/catfishlens.com\\\/pricing\\\/#breadcrumb\",\"itemListElement\":[{\"@type\":\"ListItem\",\"position\":1,\"name\":\"Home\",\"item\":\"https:\\\/\\\/catfishlens.com\\\/\"},{\"@type\":\"ListItem\",\"position\":2,\"name\":\"Pricing\"}]},{\"@type\":\"WebSite\",\"@id\":\"https:\\\/\\\/catfishlens.com\\\/#website\",\"url\":\"https:\\\/\\\/catfishlens.com\\\/\",\"name\":\"CatfishLens\",\"description\":\"Best Catfish Reverse Image Search Engine\",\"publisher\":{\"@id\":\"https:\\\/\\\/catfishlens.com\\\/#organization\"},\"potentialAction\":[{\"@type\":\"SearchAction\",\"target\":{\"@type\":\"EntryPoint\",\"urlTemplate\":\"https:\\\/\\\/catfishlens.com\\\/?s={search_term_string}\"},\"query-input\":{\"@type\":\"PropertyValueSpecification\",\"valueRequired\":true,\"valueName\":\"search_term_string\"}}],\"inLanguage\":\"fr-FR\"},{\"@type\":\"Organization\",\"@id\":\"https:\\\/\\\/catfishlens.com\\\/#organization\",\"name\":\"CatfishLens\",\"url\":\"https:\\\/\\\/catfishlens.com\\\/\",\"logo\":{\"@type\":\"ImageObject\",\"inLanguage\":\"fr-FR\",\"@id\":\"https:\\\/\\\/catfishlens.com\\\/#\\\/schema\\\/logo\\\/image\\\/\",\"url\":\"https:\\\/\\\/catfishlens.com\\\/wp-content\\\/uploads\\\/2026\\\/03\\\/CatfishLens-Logo.png\",\"contentUrl\":\"https:\\\/\\\/catfishlens.com\\\/wp-content\\\/uploads\\\/2026\\\/03\\\/CatfishLens-Logo.png\",\"width\":1536,\"height\":1024,\"caption\":\"CatfishLens\"},\"image\":{\"@id\":\"https:\\\/\\\/catfishlens.com\\\/#\\\/schema\\\/logo\\\/image\\\/\"},\"sameAs\":[\"https:\\\/\\\/www.facebook.com\\\/catfishlens\"]}]}<\/script>\n<!-- \/ Yoast SEO plugin. -->","yoast_head_json":{"title":"Prix - CatfishLens","robots":{"index":"index","follow":"follow","max-snippet":"max-snippet:-1","max-image-preview":"max-image-preview:large","max-video-preview":"max-video-preview:-1"},"canonical":"https:\/\/catfishlens.com\/fr\/tarification\/","og_locale":"fr_FR","og_type":"article","og_title":"Pricing - CatfishLens","og_description":"Catch Check (2 Credits) Quick check before you take the bait Deep Catch (5 Credits) See the full picture before you trust What You Get Feature Catch Check (2 Credits) Deep Catch (5 Credits) Reverse Face Search \u2713 \u2713 Matches Preview Limited Full Access Social Media Scan Basic Deep Scan Dating Apps Scan Basic Full [&hellip;]","og_url":"https:\/\/catfishlens.com\/fr\/tarification\/","og_site_name":"CatfishLens","article_publisher":"https:\/\/www.facebook.com\/catfishlens","article_modified_time":"2026-04-10T08:34:42+00:00","twitter_card":"summary_large_image","twitter_misc":{"Dur\u00e9e de lecture estim\u00e9e":"2 minutes"},"schema":{"@context":"https:\/\/schema.org","@graph":[{"@type":"WebPage","@id":"https:\/\/catfishlens.com\/pricing\/","url":"https:\/\/catfishlens.com\/pricing\/","name":"Prix - CatfishLens","isPartOf":{"@id":"https:\/\/catfishlens.com\/#website"},"datePublished":"2026-03-25T07:53:11+00:00","dateModified":"2026-04-10T08:34:42+00:00","breadcrumb":{"@id":"https:\/\/catfishlens.com\/pricing\/#breadcrumb"},"inLanguage":"fr-FR","potentialAction":[{"@type":"ReadAction","target":["https:\/\/catfishlens.com\/pricing\/"]}]},{"@type":"BreadcrumbList","@id":"https:\/\/catfishlens.com\/pricing\/#breadcrumb","itemListElement":[{"@type":"ListItem","position":1,"name":"Home","item":"https:\/\/catfishlens.com\/"},{"@type":"ListItem","position":2,"name":"Pricing"}]},{"@type":"WebSite","@id":"https:\/\/catfishlens.com\/#website","url":"https:\/\/catfishlens.com\/","name":"CatfishLens","description":"Meilleur moteur de recherche d'images invers\u00e9es de poissons-chats","publisher":{"@id":"https:\/\/catfishlens.com\/#organization"},"potentialAction":[{"@type":"SearchAction","target":{"@type":"EntryPoint","urlTemplate":"https:\/\/catfishlens.com\/?s={search_term_string}"},"query-input":{"@type":"PropertyValueSpecification","valueRequired":true,"valueName":"search_term_string"}}],"inLanguage":"fr-FR"},{"@type":"Organization","@id":"https:\/\/catfishlens.com\/#organization","name":"CatfishLens","url":"https:\/\/catfishlens.com\/","logo":{"@type":"ImageObject","inLanguage":"fr-FR","@id":"https:\/\/catfishlens.com\/#\/schema\/logo\/image\/","url":"https:\/\/catfishlens.com\/wp-content\/uploads\/2026\/03\/CatfishLens-Logo.png","contentUrl":"https:\/\/catfishlens.com\/wp-content\/uploads\/2026\/03\/CatfishLens-Logo.png","width":1536,"height":1024,"caption":"CatfishLens"},"image":{"@id":"https:\/\/catfishlens.com\/#\/schema\/logo\/image\/"},"sameAs":["https:\/\/www.facebook.com\/catfishlens"]}]}},"_links":{"self":[{"href":"https:\/\/catfishlens.com\/fr\/wp-json\/wp\/v2\/pages\/31","targetHints":{"allow":["GET"]}}],"collection":[{"href":"https:\/\/catfishlens.com\/fr\/wp-json\/wp\/v2\/pages"}],"about":[{"href":"https:\/\/catfishlens.com\/fr\/wp-json\/wp\/v2\/types\/page"}],"author":[{"embeddable":true,"href":"https:\/\/catfishlens.com\/fr\/wp-json\/wp\/v2\/users\/1"}],"replies":[{"embeddable":true,"href":"https:\/\/catfishlens.com\/fr\/wp-json\/wp\/v2\/comments?post=31"}],"version-history":[{"count":3,"href":"https:\/\/catfishlens.com\/fr\/wp-json\/wp\/v2\/pages\/31\/revisions"}],"predecessor-version":[{"id":252,"href":"https:\/\/catfishlens.com\/fr\/wp-json\/wp\/v2\/pages\/31\/revisions\/252"}],"wp:attachment":[{"href":"https:\/\/catfishlens.com\/fr\/wp-json\/wp\/v2\/media?parent=31"}],"curies":[{"name":"wp","href":"https:\/\/api.w.org\/{rel}","templated":true}]}}