{"id":286,"date":"2026-04-14T06:39:37","date_gmt":"2026-04-14T06:39:37","guid":{"rendered":"https:\/\/catfishlens.com\/?page_id=286"},"modified":"2026-04-14T06:39:39","modified_gmt":"2026-04-14T06:39:39","slug":"a-propos-de-nous","status":"publish","type":"page","link":"https:\/\/catfishlens.com\/fr\/about-us\/","title":{"rendered":"\u00c0 propos de nous"},"content":{"rendered":"<h2 class=\"wp-block-heading\">Pourquoi CatfishLens existe<\/h2>\n\n\n\n<p>Les profils en ligne sont faciles \u00e0 falsifier, les photos sont vol\u00e9es, les identit\u00e9s sont r\u00e9utilis\u00e9es, et il devient de plus en plus difficile de distinguer le vrai du faux.<br>Nous avons cr\u00e9\u00e9 CatfishLens parce que les gens continuaient \u00e0 poser la m\u00eame question :<\/p>\n\n\n\n<p><strong>\u201cCette personne est-elle r\u00e9elle ?\u201d<\/strong><\/p>\n\n\n\n<p>La plupart des outils de recherche d'images invers\u00e9e n'ont pas \u00e9t\u00e9 con\u00e7us pour cela. Ils montrent des images similaires, pas des r\u00e9ponses. CatfishLens existe pour combler cette lacune, pour transformer une seule photo en quelque chose que vous pouvez r\u00e9ellement comprendre et auquel vous pouvez faire confiance.<\/p>\n\n\n\n<hr class=\"wp-block-separator has-alpha-channel-opacity\"\/>\n\n\n\n<h2 class=\"wp-block-heading\">\ud83e\udde0 Ce que fait CatfishLens<\/h2>\n\n\n\n<p>CatfishLens est un outil de recherche d'images invers\u00e9es et de recherche faciale con\u00e7u sp\u00e9cifiquement pour <strong>v\u00e9rification d'identit\u00e9<\/strong>.<br>Vous t\u00e9l\u00e9chargez une photo, et cela vous aide \u00e0 voir o\u00f9 ce visage appara\u00eet en ligne, comment il est utilis\u00e9, et s'il montre des signes d'\u00eatre faux ou r\u00e9utilis\u00e9.<\/p>\n\n\n\n<p>Il combine <strong>reconnaissance faciale, recherche multiplateforme et signaux d'identit\u00e9<\/strong> pour vous aider :<\/p>\n\n\n\n<ul class=\"wp-block-list\">\n<li>D\u00e9tecter les faux profils et les arnaques en ligne<\/li>\n\n\n\n<li>Trouver des photos r\u00e9utilis\u00e9es ou vol\u00e9es<\/li>\n\n\n\n<li>Rep\u00e9rer les identit\u00e9s incoh\u00e9rentes ou suspectes<\/li>\n\n\n\n<li>Comprendre si un profil a une pr\u00e9sence en ligne r\u00e9elle<\/li>\n<\/ul>\n\n\n\n<p>Le but n'est pas seulement de trouver des images, c'est de vous donner <strong>clart\u00e9<\/strong>.<\/p>\n\n\n\n<hr class=\"wp-block-separator has-alpha-channel-opacity\"\/>\n\n\n\n<h2 class=\"wp-block-heading\">\ud83e\udd1d Notre Approche<\/h2>\n\n\n\n<p>Nous restons simples :<br><strong>aider les gens \u00e0 prendre de meilleures d\u00e9cisions en ligne.<\/strong><\/p>\n\n\n\n<p>Aucun compte requis. Pas d'outils compliqu\u00e9s. Pas besoin de deviner la signification des r\u00e9sultats.<\/p>\n\n\n\n<p>Nous nous concentrons sur :<\/p>\n\n\n\n<ul class=\"wp-block-list\">\n<li><strong>Clart\u00e9 avant les donn\u00e9es brutes<\/strong><\/li>\n\n\n\n<li><strong>Recherche ax\u00e9e sur la confidentialit\u00e9<\/strong><\/li>\n\n\n\n<li><strong>Cas d'utilisation dans le monde r\u00e9el<\/strong> (rencontres, r\u00e9seaux sociaux, contacts inconnus)<\/li>\n<\/ul>\n\n\n\n<p>Parce qu'au bout du compte, il ne s'agit pas de technologie, il s'agit de vous aider \u00e0 \u00e9viter d'\u00eatre tromp\u00e9, manipul\u00e9 ou escroqu\u00e9 en ligne.<\/p>\n\n\n\n<h2 class=\"wp-block-heading\">\u2764\ufe0f Une vraie histoire de \"chat\" derri\u00e8re cela<\/h2>\n\n\n\n<p>Quelqu'un a partag\u00e9 comment il avait rencontr\u00e9 une femme via une application de messagerie. Elle \u00e9tait engageante, coh\u00e9rente et savait comment maintenir la conversation. Ils ont parl\u00e9 tous les jours pendant des semaines, de sujets de la vie normale, de petits d\u00e9tails, m\u00eame des projets de rencontre. Rien ne semblait pr\u00e9cipit\u00e9 au d\u00e9but, et elle n'a jamais demand\u00e9 d'argent, ce qui donnait une impression de r\u00e9alisme.<\/p>\n\n\n\n<p>Mais il y avait de petites choses qui clochaient. Elle \u00e9vitait les appels vid\u00e9o, avait toujours une excuse pour ne pas partager ses r\u00e9seaux sociaux, et parfois la conversation devenait soudainement personnelle ou sexuelle sans raison. Puis elle a commenc\u00e9 \u00e0 insister pour se rencontrer rapidement, presque comme si c'\u00e9tait le seul objectif.<\/p>\n\n\n\n<p>C'est \u00e0 ce moment-l\u00e0 que le doute s'est install\u00e9.<\/p>\n\n\n\n<p>Ils ont lanc\u00e9 sa photo de profil dans une recherche invers\u00e9e d'images, et elle est apparue sur plusieurs comptes. M\u00eame visage, noms diff\u00e9rents, m\u00eame li\u00e9 \u00e0 une personne r\u00e9elle avec une identit\u00e9 compl\u00e8tement diff\u00e9rente sur une autre plateforme.<\/p>\n\n\n\n<p>Aucune argent n'a \u00e9t\u00e9 perdu. Mais des semaines de conversation, de confiance et d'\u00e9nergie \u00e9motionnelle ont \u00e9t\u00e9 b\u00e2ties sur quelque chose de faux, et c'est ce qui est rest\u00e9 avec eux le plus.<\/p>","protected":false},"excerpt":{"rendered":"<p>Why CatfishLens Exists Online profiles are easy to fake, photos get stolen, identities get reused, and it\u2019s getting harder to tell what\u2019s real.We built CatfishLens because people kept asking the same question: \u201cIs this person actually real?\u201d Most reverse image search tools weren\u2019t built for that. They show similar pictures, not answers. CatfishLens exists to [&hellip;]<\/p>\n","protected":false},"author":1,"featured_media":0,"parent":0,"menu_order":0,"comment_status":"closed","ping_status":"closed","template":"","meta":{"footnotes":""},"class_list":["post-286","page","type-page","status-publish","hentry"],"yoast_head":"<!-- This site is optimized with the Yoast SEO plugin v27.3 - https:\/\/yoast.com\/product\/yoast-seo-wordpress\/ -->\n<title>About Us - CatfishLens<\/title>\n<meta name=\"robots\" content=\"index, follow, max-snippet:-1, max-image-preview:large, max-video-preview:-1\" \/>\n<link rel=\"canonical\" href=\"https:\/\/catfishlens.com\/fr\/a-propos-de-nous\/\" \/>\n<meta property=\"og:locale\" content=\"fr_FR\" \/>\n<meta property=\"og:type\" content=\"article\" \/>\n<meta property=\"og:title\" content=\"About Us - CatfishLens\" \/>\n<meta property=\"og:description\" content=\"Why CatfishLens Exists Online profiles are easy to fake, photos get stolen, identities get reused, and it\u2019s getting harder to tell what\u2019s real.We built CatfishLens because people kept asking the same question: \u201cIs this person actually real?\u201d Most reverse image search tools weren\u2019t built for that. They show similar pictures, not answers. CatfishLens exists to [&hellip;]\" \/>\n<meta property=\"og:url\" content=\"https:\/\/catfishlens.com\/fr\/a-propos-de-nous\/\" \/>\n<meta property=\"og:site_name\" content=\"CatfishLens\" \/>\n<meta property=\"article:publisher\" content=\"https:\/\/www.facebook.com\/catfishlens\" \/>\n<meta property=\"article:modified_time\" content=\"2026-04-14T06:39:39+00:00\" \/>\n<meta name=\"twitter:card\" content=\"summary_large_image\" \/>\n<meta name=\"twitter:label1\" content=\"Dur\u00e9e de lecture estim\u00e9e\" \/>\n\t<meta name=\"twitter:data1\" content=\"2 minutes\" \/>\n<script type=\"application\/ld+json\" class=\"yoast-schema-graph\">{\"@context\":\"https:\\\/\\\/schema.org\",\"@graph\":[{\"@type\":\"WebPage\",\"@id\":\"https:\\\/\\\/catfishlens.com\\\/about-us\\\/\",\"url\":\"https:\\\/\\\/catfishlens.com\\\/about-us\\\/\",\"name\":\"About Us - CatfishLens\",\"isPartOf\":{\"@id\":\"https:\\\/\\\/catfishlens.com\\\/#website\"},\"datePublished\":\"2026-04-14T06:39:37+00:00\",\"dateModified\":\"2026-04-14T06:39:39+00:00\",\"breadcrumb\":{\"@id\":\"https:\\\/\\\/catfishlens.com\\\/about-us\\\/#breadcrumb\"},\"inLanguage\":\"fr-FR\",\"potentialAction\":[{\"@type\":\"ReadAction\",\"target\":[\"https:\\\/\\\/catfishlens.com\\\/about-us\\\/\"]}]},{\"@type\":\"BreadcrumbList\",\"@id\":\"https:\\\/\\\/catfishlens.com\\\/about-us\\\/#breadcrumb\",\"itemListElement\":[{\"@type\":\"ListItem\",\"position\":1,\"name\":\"Home\",\"item\":\"https:\\\/\\\/catfishlens.com\\\/\"},{\"@type\":\"ListItem\",\"position\":2,\"name\":\"About Us\"}]},{\"@type\":\"WebSite\",\"@id\":\"https:\\\/\\\/catfishlens.com\\\/#website\",\"url\":\"https:\\\/\\\/catfishlens.com\\\/\",\"name\":\"CatfishLens\",\"description\":\"Best Catfish Reverse Image Search Engine\",\"publisher\":{\"@id\":\"https:\\\/\\\/catfishlens.com\\\/#organization\"},\"potentialAction\":[{\"@type\":\"SearchAction\",\"target\":{\"@type\":\"EntryPoint\",\"urlTemplate\":\"https:\\\/\\\/catfishlens.com\\\/?s={search_term_string}\"},\"query-input\":{\"@type\":\"PropertyValueSpecification\",\"valueRequired\":true,\"valueName\":\"search_term_string\"}}],\"inLanguage\":\"fr-FR\"},{\"@type\":\"Organization\",\"@id\":\"https:\\\/\\\/catfishlens.com\\\/#organization\",\"name\":\"CatfishLens\",\"url\":\"https:\\\/\\\/catfishlens.com\\\/\",\"logo\":{\"@type\":\"ImageObject\",\"inLanguage\":\"fr-FR\",\"@id\":\"https:\\\/\\\/catfishlens.com\\\/#\\\/schema\\\/logo\\\/image\\\/\",\"url\":\"https:\\\/\\\/catfishlens.com\\\/wp-content\\\/uploads\\\/2026\\\/03\\\/CatfishLens-Logo.png\",\"contentUrl\":\"https:\\\/\\\/catfishlens.com\\\/wp-content\\\/uploads\\\/2026\\\/03\\\/CatfishLens-Logo.png\",\"width\":1536,\"height\":1024,\"caption\":\"CatfishLens\"},\"image\":{\"@id\":\"https:\\\/\\\/catfishlens.com\\\/#\\\/schema\\\/logo\\\/image\\\/\"},\"sameAs\":[\"https:\\\/\\\/www.facebook.com\\\/catfishlens\"]}]}<\/script>\n<!-- \/ Yoast SEO plugin. -->","yoast_head_json":{"title":"Qui sommes-nous - CatfishLens","robots":{"index":"index","follow":"follow","max-snippet":"max-snippet:-1","max-image-preview":"max-image-preview:large","max-video-preview":"max-video-preview:-1"},"canonical":"https:\/\/catfishlens.com\/fr\/a-propos-de-nous\/","og_locale":"fr_FR","og_type":"article","og_title":"About Us - CatfishLens","og_description":"Why CatfishLens Exists Online profiles are easy to fake, photos get stolen, identities get reused, and it\u2019s getting harder to tell what\u2019s real.We built CatfishLens because people kept asking the same question: \u201cIs this person actually real?\u201d Most reverse image search tools weren\u2019t built for that. They show similar pictures, not answers. CatfishLens exists to [&hellip;]","og_url":"https:\/\/catfishlens.com\/fr\/a-propos-de-nous\/","og_site_name":"CatfishLens","article_publisher":"https:\/\/www.facebook.com\/catfishlens","article_modified_time":"2026-04-14T06:39:39+00:00","twitter_card":"summary_large_image","twitter_misc":{"Dur\u00e9e de lecture estim\u00e9e":"2 minutes"},"schema":{"@context":"https:\/\/schema.org","@graph":[{"@type":"WebPage","@id":"https:\/\/catfishlens.com\/about-us\/","url":"https:\/\/catfishlens.com\/about-us\/","name":"Qui sommes-nous - CatfishLens","isPartOf":{"@id":"https:\/\/catfishlens.com\/#website"},"datePublished":"2026-04-14T06:39:37+00:00","dateModified":"2026-04-14T06:39:39+00:00","breadcrumb":{"@id":"https:\/\/catfishlens.com\/about-us\/#breadcrumb"},"inLanguage":"fr-FR","potentialAction":[{"@type":"ReadAction","target":["https:\/\/catfishlens.com\/about-us\/"]}]},{"@type":"BreadcrumbList","@id":"https:\/\/catfishlens.com\/about-us\/#breadcrumb","itemListElement":[{"@type":"ListItem","position":1,"name":"Home","item":"https:\/\/catfishlens.com\/"},{"@type":"ListItem","position":2,"name":"About Us"}]},{"@type":"WebSite","@id":"https:\/\/catfishlens.com\/#website","url":"https:\/\/catfishlens.com\/","name":"CatfishLens","description":"Meilleur moteur de recherche d'images invers\u00e9es de poissons-chats","publisher":{"@id":"https:\/\/catfishlens.com\/#organization"},"potentialAction":[{"@type":"SearchAction","target":{"@type":"EntryPoint","urlTemplate":"https:\/\/catfishlens.com\/?s={search_term_string}"},"query-input":{"@type":"PropertyValueSpecification","valueRequired":true,"valueName":"search_term_string"}}],"inLanguage":"fr-FR"},{"@type":"Organization","@id":"https:\/\/catfishlens.com\/#organization","name":"CatfishLens","url":"https:\/\/catfishlens.com\/","logo":{"@type":"ImageObject","inLanguage":"fr-FR","@id":"https:\/\/catfishlens.com\/#\/schema\/logo\/image\/","url":"https:\/\/catfishlens.com\/wp-content\/uploads\/2026\/03\/CatfishLens-Logo.png","contentUrl":"https:\/\/catfishlens.com\/wp-content\/uploads\/2026\/03\/CatfishLens-Logo.png","width":1536,"height":1024,"caption":"CatfishLens"},"image":{"@id":"https:\/\/catfishlens.com\/#\/schema\/logo\/image\/"},"sameAs":["https:\/\/www.facebook.com\/catfishlens"]}]}},"_links":{"self":[{"href":"https:\/\/catfishlens.com\/fr\/wp-json\/wp\/v2\/pages\/286","targetHints":{"allow":["GET"]}}],"collection":[{"href":"https:\/\/catfishlens.com\/fr\/wp-json\/wp\/v2\/pages"}],"about":[{"href":"https:\/\/catfishlens.com\/fr\/wp-json\/wp\/v2\/types\/page"}],"author":[{"embeddable":true,"href":"https:\/\/catfishlens.com\/fr\/wp-json\/wp\/v2\/users\/1"}],"replies":[{"embeddable":true,"href":"https:\/\/catfishlens.com\/fr\/wp-json\/wp\/v2\/comments?post=286"}],"version-history":[{"count":2,"href":"https:\/\/catfishlens.com\/fr\/wp-json\/wp\/v2\/pages\/286\/revisions"}],"predecessor-version":[{"id":288,"href":"https:\/\/catfishlens.com\/fr\/wp-json\/wp\/v2\/pages\/286\/revisions\/288"}],"wp:attachment":[{"href":"https:\/\/catfishlens.com\/fr\/wp-json\/wp\/v2\/media?parent=286"}],"curies":[{"name":"wp","href":"https:\/\/api.w.org\/{rel}","templated":true}]}}