{"id":31,"date":"2026-03-25T07:53:11","date_gmt":"2026-03-25T07:53:11","guid":{"rendered":"https:\/\/catfishlens.com\/?page_id=31"},"modified":"2026-04-10T08:34:42","modified_gmt":"2026-04-10T08:34:42","slug":"precios","status":"publish","type":"page","link":"https:\/\/catfishlens.com\/es\/pricing\/","title":{"rendered":"Precios"},"content":{"rendered":"<div class=\"wp-block-columns alignwide is-layout-flex wp-container-core-columns-is-layout-d2da2050 wp-block-columns-is-layout-flex\" style=\"margin-bottom:0\">\n<div class=\"wp-block-column has-text-color has-background has-link-color wp-elements-f1fc8c3456d66ac88f8756b6899da25f is-layout-flow wp-block-column-is-layout-flow\" style=\"color:#000000;background-color:#d1d1e1;padding-top:2em;padding-right:2em;padding-bottom:2em;padding-left:2em\">\n<h2 class=\"wp-block-heading\" id=\"family\" style=\"font-size:clamp(24.034px, 1.502rem + ((1vw - 3.2px) * 1.663), 40px);\"><strong><strong>Atrape Verificaci\u00f3n (2 Cr\u00e9ditos)<\/strong><\/strong><\/h2>\n\n\n\n<p class=\"has-normal-font-size\" style=\"line-height:1.5\"><em>Chequeo r\u00e1pido antes de que muerdas el anzuelo<\/em><\/p>\n\n\n\n<hr class=\"wp-block-separator has-css-opacity is-style-wide\"\/>\n\n\n\n<ul class=\"wp-block-list has-normal-font-size\">\n<li>2 b\u00fasquedas (cr\u00e9ditos)<\/li>\n\n\n\n<li>B\u00fasqueda inversa de im\u00e1genes (motor principal)<\/li>\n\n\n\n<li>Partidos b\u00e1sicos + fuentes limitadas<\/li>\n\n\n\n<li>Detectar fotos reutilizadas<\/li>\n\n\n\n<li>Detector de Im\u00e1genes de IA<\/li>\n<\/ul>\n\n\n\n<div class=\"wp-block-buttons alignfull is-horizontal is-content-justification-center is-layout-flex wp-container-core-buttons-is-layout-03627597 wp-block-buttons-is-layout-flex\">\n<div class=\"wp-block-button has-custom-width wp-block-button__width-100 is-style-fill\"><a class=\"wp-block-button__link has-white-color has-text-color has-background no-border-radius wp-element-button\" href=\"\/es\/checkout\/?add-to-cart=250\" style=\"background-color:#000000\">$4.95<\/a><\/div>\n<\/div>\n<\/div>\n\n\n\n<div class=\"wp-block-column has-text-color has-background has-link-color wp-elements-a4e439b172e90306d4d6dea7cc9e81c2 is-layout-flow wp-block-column-is-layout-flow\" style=\"color:#000000;background-color:#c0ebf1;padding-top:2em;padding-right:2em;padding-bottom:2em;padding-left:2em\">\n<h2 class=\"wp-block-heading\" id=\"patron\" style=\"font-size:clamp(24.034px, 1.502rem + ((1vw - 3.2px) * 1.663), 40px);\"><strong>Atrapada Profunda (5 Cr\u00e9ditos)<\/strong><\/h2>\n\n\n\n<p class=\"has-normal-font-size\"><strong><em>Ve la imagen completa antes de confiar<\/em><\/strong><\/p>\n\n\n\n<hr class=\"wp-block-separator has-css-opacity is-style-wide\"\/>\n\n\n\n<ul class=\"wp-block-list has-normal-font-size\">\n<li>5 b\u00fasquedas (cr\u00e9ditos)<\/li>\n\n\n\n<li>B\u00fasqueda facial completa inversa (escaneo profundo)<\/li>\n\n\n\n<li>Partidos ampliados + caras similares<\/li>\n\n\n\n<li>An\u00e1lisis profundo en redes sociales y aplicaciones de citas<\/li>\n\n\n\n<li>Detecci\u00f3n de patrones de identidad (multicuenta)<\/li>\n\n\n\n<li>Detector de Im\u00e1genes de IA<\/li>\n\n\n\n<li>Se\u00f1ales de riesgo completo<\/li>\n<\/ul>\n\n\n\n<div class=\"wp-block-buttons alignfull is-horizontal is-content-justification-center is-layout-flex wp-container-core-buttons-is-layout-03627597 wp-block-buttons-is-layout-flex\">\n<div class=\"wp-block-button has-custom-width wp-block-button__width-100\"><a class=\"wp-block-button__link has-white-color has-text-color has-background no-border-radius wp-element-button\" href=\"\/es\/checkout\/?add-to-cart=111\" style=\"background-color:#000000\">$9.95<\/a><\/div>\n<\/div>\n<\/div>\n<\/div>\n\n\n\n<h2 class=\"wp-block-heading\">Lo que obtienes<\/h2>\n\n\n\n<figure class=\"wp-block-table\"><table><thead><tr><th>Caracter\u00edstica<\/th><th>Atrape Verificaci\u00f3n (2 Cr\u00e9ditos)<\/th><th>Atrapada Profunda (5 Cr\u00e9ditos)<\/th><\/tr><\/thead><tbody><tr><td>B\u00fasqueda Inversa de Rostros<\/td><td>\u2713<\/td><td>\u2713<\/td><\/tr><tr><td>Vista previa de partidos<\/td><td>Limitado<\/td><td>Acceso Total<\/td><\/tr><tr><td>Escaneo de redes sociales<\/td><td>B\u00e1sico<\/td><td>Escaneo profundo<\/td><\/tr><tr><td>Escaneo de aplicaciones de citas<\/td><td>B\u00e1sico<\/td><td>Cobertura total<\/td><\/tr><tr><td>Detecci\u00f3n de Caras Similares<\/td><td>\u2713<\/td><td>\u2713 (Expandido)<\/td><\/tr><tr><td>Detector de Im\u00e1genes de IA<\/td><td>B\u00e1sico<\/td><td>Avanzado<\/td><\/tr><tr><td>Detecci\u00f3n de Patrones de Identidad<\/td><td>\u2014<\/td><td>\u2713<\/td><\/tr><tr><td>Se\u00f1ales de riesgo (Limpio\/Sospechoso)<\/td><td>\u2713<\/td><td>\u2713 (Detallado)<\/td><\/tr><\/tbody><\/table><\/figure>\n\n\n\n<hr class=\"wp-block-separator has-alpha-channel-opacity\"\/>\n\n\n\n<h2 class=\"wp-block-heading\">\ud83e\udde0 C\u00f3mo funcionan los cr\u00e9ditos<\/h2>\n\n\n\n<p><strong>1 cr\u00e9dito = 1 escaneo completo<\/strong><br>Usa un cr\u00e9dito para desbloquear los resultados completos de una foto.<\/p>\n\n\n\n<hr class=\"wp-block-separator has-alpha-channel-opacity\"\/>\n\n\n\n<h2 class=\"wp-block-heading\">Preguntas frecuentes sobre precios<\/h2>\n\n\n\n<h3 class=\"wp-block-heading\">\u2753 \u00bfC\u00f3mo funcionan los cr\u00e9ditos de CatfishLens?<\/h3>\n\n\n\n<p>CatfishLens utiliza un sistema basado en cr\u00e9ditos donde <strong>1 cr\u00e9dito desbloquea 1 escaneo completo<\/strong>, incluyendo coincidencias, fuentes y se\u00f1ales de identidad.<\/p>\n\n\n\n<hr class=\"wp-block-separator has-alpha-channel-opacity\"\/>\n\n\n\n<h3 class=\"wp-block-heading\">\u2753 \u00bfNecesito una suscripci\u00f3n para usar CatfishLens?<\/h3>\n\n\n\n<p>CatfishLens no requiere suscripci\u00f3n. Puedes comprar cr\u00e9ditos y usarlos en cualquier momento sin cargos recurrentes.<\/p>\n\n\n\n<hr class=\"wp-block-separator has-alpha-channel-opacity\"\/>\n\n\n\n<h3 class=\"wp-block-heading\">\u2753 \u00bfPuedo usar CatfishLens para una verificaci\u00f3n \u00fanica?<\/h3>\n\n\n\n<p>CatfishLens est\u00e1 dise\u00f1ado para uso \u00fanico y para verificaciones m\u00faltiples, por lo que puedes verificar un solo perfil sin comprometerte con un plan.<\/p>\n\n\n\n<hr class=\"wp-block-separator has-alpha-channel-opacity\"\/>\n\n\n\n<h3 class=\"wp-block-heading\">\u2753 \u00bfCu\u00e1l es la diferencia entre Catch Check y Deep Catch?<\/h3>\n\n\n\n<p>Catch Check ofrece un escaneo r\u00e1pido con profundidad limitada, mientras que Deep Catch proporciona <strong>an\u00e1lisis m\u00e1s completo con mayor cobertura de redes sociales y aplicaciones de citas<\/strong>.<\/p>\n\n\n\n<hr class=\"wp-block-separator has-alpha-channel-opacity\"\/>\n\n\n\n<h3 class=\"wp-block-heading\">\u2753 \u00bfLos cr\u00e9ditos caducan?<\/h3>\n\n\n\n<p>Los cr\u00e9ditos de CatfishLens no caducan y puedes usarlos cuando los necesites.<\/p>\n\n\n\n<hr class=\"wp-block-separator has-alpha-channel-opacity\"\/>\n\n\n\n<h3 class=\"wp-block-heading\">\u2753 \u00bfQu\u00e9 sucede despu\u00e9s de que desbloqueo los resultados?<\/h3>\n\n\n\n<p>Una vez que los resultados se desbloquean, obtienes acceso completo a coincidencias, fuentes y se\u00f1ales de riesgo para ese escaneo.<\/p>\n\n\n\n<hr class=\"wp-block-separator has-alpha-channel-opacity\"\/>\n\n\n\n<h3 class=\"wp-block-heading\">\u2753 \u00bfPuedo mejorar mi plan m\u00e1s tarde?<\/h3>\n\n\n\n<p>CatfishLens te permite comprar cr\u00e9ditos adicionales en cualquier momento, para que puedas escalar seg\u00fan tus necesidades.<\/p>\n\n\n\n<hr class=\"wp-block-separator has-alpha-channel-opacity\"\/>\n\n\n\n<h3 class=\"wp-block-heading\">\u2753 \u00bfHay alguna tarifa oculta?<\/h3>\n\n\n\n<p>CatfishLens utiliza <strong>precios transparentes<\/strong>, por lo que solo pagas por los cr\u00e9ditos que elijas sin cargos ocultos.<\/p>\n\n\n\n<hr class=\"wp-block-separator has-alpha-channel-opacity\"\/>\n\n\n\n<h3 class=\"wp-block-heading\">\u2753 \u00bfQu\u00e9 m\u00e9todos de pago se aceptan?<\/h3>\n\n\n\n<p>CatfishLens admite m\u00e9todos de pago est\u00e1ndar como tarjetas de cr\u00e9dito y d\u00e9bito para transacciones seguras.<\/p>\n\n\n\n<hr class=\"wp-block-separator has-alpha-channel-opacity\"\/>\n\n\n\n<h3 class=\"wp-block-heading\">\u2753 \u00bfHay una pol\u00edtica de reembolso?<\/h3>\n\n\n\n<p>CatfishLens proporciona acceso a resultados digitales, por lo que los reembolsos dependen del uso y de si los resultados han sido desbloqueados.<\/p>","protected":false},"excerpt":{"rendered":"<p>Catch Check (2 Credits) Quick check before you take the bait Deep Catch (5 Credits) See the full picture before you trust What You Get Feature Catch Check (2 Credits) Deep Catch (5 Credits) Reverse Face Search \u2713 \u2713 Matches Preview Limited Full Access Social Media Scan Basic Deep Scan Dating Apps Scan Basic Full [&hellip;]<\/p>\n","protected":false},"author":1,"featured_media":0,"parent":0,"menu_order":0,"comment_status":"closed","ping_status":"closed","template":"","meta":{"footnotes":""},"class_list":["post-31","page","type-page","status-publish","hentry"],"yoast_head":"<!-- This site is optimized with the Yoast SEO plugin v27.3 - https:\/\/yoast.com\/product\/yoast-seo-wordpress\/ -->\n<title>Pricing - CatfishLens<\/title>\n<meta name=\"robots\" content=\"index, follow, max-snippet:-1, max-image-preview:large, max-video-preview:-1\" \/>\n<link rel=\"canonical\" href=\"https:\/\/catfishlens.com\/es\/precios\/\" \/>\n<meta property=\"og:locale\" content=\"es_ES\" \/>\n<meta property=\"og:type\" content=\"article\" \/>\n<meta property=\"og:title\" content=\"Pricing - CatfishLens\" \/>\n<meta property=\"og:description\" content=\"Catch Check (2 Credits) Quick check before you take the bait Deep Catch (5 Credits) See the full picture before you trust What You Get Feature Catch Check (2 Credits) Deep Catch (5 Credits) Reverse Face Search \u2713 \u2713 Matches Preview Limited Full Access Social Media Scan Basic Deep Scan Dating Apps Scan Basic Full [&hellip;]\" \/>\n<meta property=\"og:url\" content=\"https:\/\/catfishlens.com\/es\/precios\/\" \/>\n<meta property=\"og:site_name\" content=\"CatfishLens\" \/>\n<meta property=\"article:publisher\" content=\"https:\/\/www.facebook.com\/catfishlens\" \/>\n<meta property=\"article:modified_time\" content=\"2026-04-10T08:34:42+00:00\" \/>\n<meta name=\"twitter:card\" content=\"summary_large_image\" \/>\n<meta name=\"twitter:label1\" content=\"Tiempo de lectura\" \/>\n\t<meta name=\"twitter:data1\" content=\"2 minutos\" \/>\n<script type=\"application\/ld+json\" class=\"yoast-schema-graph\">{\"@context\":\"https:\\\/\\\/schema.org\",\"@graph\":[{\"@type\":\"WebPage\",\"@id\":\"https:\\\/\\\/catfishlens.com\\\/pricing\\\/\",\"url\":\"https:\\\/\\\/catfishlens.com\\\/pricing\\\/\",\"name\":\"Pricing - CatfishLens\",\"isPartOf\":{\"@id\":\"https:\\\/\\\/catfishlens.com\\\/#website\"},\"datePublished\":\"2026-03-25T07:53:11+00:00\",\"dateModified\":\"2026-04-10T08:34:42+00:00\",\"breadcrumb\":{\"@id\":\"https:\\\/\\\/catfishlens.com\\\/pricing\\\/#breadcrumb\"},\"inLanguage\":\"es\",\"potentialAction\":[{\"@type\":\"ReadAction\",\"target\":[\"https:\\\/\\\/catfishlens.com\\\/pricing\\\/\"]}]},{\"@type\":\"BreadcrumbList\",\"@id\":\"https:\\\/\\\/catfishlens.com\\\/pricing\\\/#breadcrumb\",\"itemListElement\":[{\"@type\":\"ListItem\",\"position\":1,\"name\":\"Home\",\"item\":\"https:\\\/\\\/catfishlens.com\\\/\"},{\"@type\":\"ListItem\",\"position\":2,\"name\":\"Pricing\"}]},{\"@type\":\"WebSite\",\"@id\":\"https:\\\/\\\/catfishlens.com\\\/#website\",\"url\":\"https:\\\/\\\/catfishlens.com\\\/\",\"name\":\"CatfishLens\",\"description\":\"Best Catfish Reverse Image Search Engine\",\"publisher\":{\"@id\":\"https:\\\/\\\/catfishlens.com\\\/#organization\"},\"potentialAction\":[{\"@type\":\"SearchAction\",\"target\":{\"@type\":\"EntryPoint\",\"urlTemplate\":\"https:\\\/\\\/catfishlens.com\\\/?s={search_term_string}\"},\"query-input\":{\"@type\":\"PropertyValueSpecification\",\"valueRequired\":true,\"valueName\":\"search_term_string\"}}],\"inLanguage\":\"es\"},{\"@type\":\"Organization\",\"@id\":\"https:\\\/\\\/catfishlens.com\\\/#organization\",\"name\":\"CatfishLens\",\"url\":\"https:\\\/\\\/catfishlens.com\\\/\",\"logo\":{\"@type\":\"ImageObject\",\"inLanguage\":\"es\",\"@id\":\"https:\\\/\\\/catfishlens.com\\\/#\\\/schema\\\/logo\\\/image\\\/\",\"url\":\"https:\\\/\\\/catfishlens.com\\\/wp-content\\\/uploads\\\/2026\\\/03\\\/CatfishLens-Logo.png\",\"contentUrl\":\"https:\\\/\\\/catfishlens.com\\\/wp-content\\\/uploads\\\/2026\\\/03\\\/CatfishLens-Logo.png\",\"width\":1536,\"height\":1024,\"caption\":\"CatfishLens\"},\"image\":{\"@id\":\"https:\\\/\\\/catfishlens.com\\\/#\\\/schema\\\/logo\\\/image\\\/\"},\"sameAs\":[\"https:\\\/\\\/www.facebook.com\\\/catfishlens\"]}]}<\/script>\n<!-- \/ Yoast SEO plugin. -->","yoast_head_json":{"title":"Precios - CatfishLens","robots":{"index":"index","follow":"follow","max-snippet":"max-snippet:-1","max-image-preview":"max-image-preview:large","max-video-preview":"max-video-preview:-1"},"canonical":"https:\/\/catfishlens.com\/es\/precios\/","og_locale":"es_ES","og_type":"article","og_title":"Pricing - CatfishLens","og_description":"Catch Check (2 Credits) Quick check before you take the bait Deep Catch (5 Credits) See the full picture before you trust What You Get Feature Catch Check (2 Credits) Deep Catch (5 Credits) Reverse Face Search \u2713 \u2713 Matches Preview Limited Full Access Social Media Scan Basic Deep Scan Dating Apps Scan Basic Full [&hellip;]","og_url":"https:\/\/catfishlens.com\/es\/precios\/","og_site_name":"CatfishLens","article_publisher":"https:\/\/www.facebook.com\/catfishlens","article_modified_time":"2026-04-10T08:34:42+00:00","twitter_card":"summary_large_image","twitter_misc":{"Tiempo de lectura":"2 minutos"},"schema":{"@context":"https:\/\/schema.org","@graph":[{"@type":"WebPage","@id":"https:\/\/catfishlens.com\/pricing\/","url":"https:\/\/catfishlens.com\/pricing\/","name":"Precios - CatfishLens","isPartOf":{"@id":"https:\/\/catfishlens.com\/#website"},"datePublished":"2026-03-25T07:53:11+00:00","dateModified":"2026-04-10T08:34:42+00:00","breadcrumb":{"@id":"https:\/\/catfishlens.com\/pricing\/#breadcrumb"},"inLanguage":"es","potentialAction":[{"@type":"ReadAction","target":["https:\/\/catfishlens.com\/pricing\/"]}]},{"@type":"BreadcrumbList","@id":"https:\/\/catfishlens.com\/pricing\/#breadcrumb","itemListElement":[{"@type":"ListItem","position":1,"name":"Home","item":"https:\/\/catfishlens.com\/"},{"@type":"ListItem","position":2,"name":"Pricing"}]},{"@type":"WebSite","@id":"https:\/\/catfishlens.com\/#website","url":"https:\/\/catfishlens.com\/","name":"Lente de bagre","description":"El mejor motor de b\u00fasqueda inversa de im\u00e1genes de bagre","publisher":{"@id":"https:\/\/catfishlens.com\/#organization"},"potentialAction":[{"@type":"SearchAction","target":{"@type":"EntryPoint","urlTemplate":"https:\/\/catfishlens.com\/?s={search_term_string}"},"query-input":{"@type":"PropertyValueSpecification","valueRequired":true,"valueName":"search_term_string"}}],"inLanguage":"es"},{"@type":"Organization","@id":"https:\/\/catfishlens.com\/#organization","name":"Lente de bagre","url":"https:\/\/catfishlens.com\/","logo":{"@type":"ImageObject","inLanguage":"es","@id":"https:\/\/catfishlens.com\/#\/schema\/logo\/image\/","url":"https:\/\/catfishlens.com\/wp-content\/uploads\/2026\/03\/CatfishLens-Logo.png","contentUrl":"https:\/\/catfishlens.com\/wp-content\/uploads\/2026\/03\/CatfishLens-Logo.png","width":1536,"height":1024,"caption":"CatfishLens"},"image":{"@id":"https:\/\/catfishlens.com\/#\/schema\/logo\/image\/"},"sameAs":["https:\/\/www.facebook.com\/catfishlens"]}]}},"_links":{"self":[{"href":"https:\/\/catfishlens.com\/es\/wp-json\/wp\/v2\/pages\/31","targetHints":{"allow":["GET"]}}],"collection":[{"href":"https:\/\/catfishlens.com\/es\/wp-json\/wp\/v2\/pages"}],"about":[{"href":"https:\/\/catfishlens.com\/es\/wp-json\/wp\/v2\/types\/page"}],"author":[{"embeddable":true,"href":"https:\/\/catfishlens.com\/es\/wp-json\/wp\/v2\/users\/1"}],"replies":[{"embeddable":true,"href":"https:\/\/catfishlens.com\/es\/wp-json\/wp\/v2\/comments?post=31"}],"version-history":[{"count":3,"href":"https:\/\/catfishlens.com\/es\/wp-json\/wp\/v2\/pages\/31\/revisions"}],"predecessor-version":[{"id":252,"href":"https:\/\/catfishlens.com\/es\/wp-json\/wp\/v2\/pages\/31\/revisions\/252"}],"wp:attachment":[{"href":"https:\/\/catfishlens.com\/es\/wp-json\/wp\/v2\/media?parent=31"}],"curies":[{"name":"wp","href":"https:\/\/api.w.org\/{rel}","templated":true}]}}