{"id":31,"date":"2026-03-25T07:53:11","date_gmt":"2026-03-25T07:53:11","guid":{"rendered":"https:\/\/catfishlens.com\/?page_id=31"},"modified":"2026-04-10T08:34:42","modified_gmt":"2026-04-10T08:34:42","slug":"preise","status":"publish","type":"page","link":"https:\/\/catfishlens.com\/de\/pricing\/","title":{"rendered":"Preise"},"content":{"rendered":"<div class=\"wp-block-columns alignwide is-layout-flex wp-container-core-columns-is-layout-d2da2050 wp-block-columns-is-layout-flex\" style=\"margin-bottom:0\">\n<div class=\"wp-block-column has-text-color has-background has-link-color wp-elements-f1fc8c3456d66ac88f8756b6899da25f is-layout-flow wp-block-column-is-layout-flow\" style=\"color:#000000;background-color:#d1d1e1;padding-top:2em;padding-right:2em;padding-bottom:2em;padding-left:2em\">\n<h2 class=\"wp-block-heading\" id=\"family\" style=\"font-size:clamp(24.034px, 1.502rem + ((1vw - 3.2px) * 1.663), 40px);\"><strong><strong>Fangpr\u00fcfung (2 Credits)<\/strong><\/strong><\/h2>\n\n\n\n<p class=\"has-normal-font-size\" style=\"line-height:1.5\"><em>Schnelle \u00dcberpr\u00fcfung, bevor du den K\u00f6der schluckst<\/em><\/p>\n\n\n\n<hr class=\"wp-block-separator has-css-opacity is-style-wide\"\/>\n\n\n\n<ul class=\"wp-block-list has-normal-font-size\">\n<li>2 Suchen (Credits)<\/li>\n\n\n\n<li>R\u00fcckw\u00e4rtsgesichtssuche (Kern-Engine)<\/li>\n\n\n\n<li>Grundlegende \u00dcbereinstimmungen + begrenzte Quellen<\/li>\n\n\n\n<li>Wiederverwendete Fotos erkennen<\/li>\n\n\n\n<li>KI-Bilderkennung<\/li>\n<\/ul>\n\n\n\n<div class=\"wp-block-buttons alignfull is-horizontal is-content-justification-center is-layout-flex wp-container-core-buttons-is-layout-03627597 wp-block-buttons-is-layout-flex\">\n<div class=\"wp-block-button has-custom-width wp-block-button__width-100 is-style-fill\"><a class=\"wp-block-button__link has-white-color has-text-color has-background no-border-radius wp-element-button\" href=\"\/de\/checkout\/?add-to-cart=250\" style=\"background-color:#000000\">$4.95<\/a><\/div>\n<\/div>\n<\/div>\n\n\n\n<div class=\"wp-block-column has-text-color has-background has-link-color wp-elements-a4e439b172e90306d4d6dea7cc9e81c2 is-layout-flow wp-block-column-is-layout-flow\" style=\"color:#000000;background-color:#c0ebf1;padding-top:2em;padding-right:2em;padding-bottom:2em;padding-left:2em\">\n<h2 class=\"wp-block-heading\" id=\"patron\" style=\"font-size:clamp(24.034px, 1.502rem + ((1vw - 3.2px) * 1.663), 40px);\"><strong>Tiefenf\u00e4nger (5 Credits)<\/strong><\/h2>\n\n\n\n<p class=\"has-normal-font-size\"><strong><em>Sehen Sie das Gesamtbild, bevor Sie vertrauen<\/em><\/strong><\/p>\n\n\n\n<hr class=\"wp-block-separator has-css-opacity is-style-wide\"\/>\n\n\n\n<ul class=\"wp-block-list has-normal-font-size\">\n<li>5 Suchanfragen (Guthaben)<\/li>\n\n\n\n<li>Vollst\u00e4ndige R\u00fcckw\u00e4rts-Gesichtssuche (Tiefenscan)<\/li>\n\n\n\n<li>Erweiterte \u00dcbereinstimmungen + \u00e4hnliche Gesichter<\/li>\n\n\n\n<li>Tiefenpr\u00fcfung auf Social-Media- und Dating-Apps<\/li>\n\n\n\n<li>Identifizierung von Mustern (Mehrfachkonten)<\/li>\n\n\n\n<li>KI-Bilderkennung<\/li>\n\n\n\n<li>Volle Risikosignale<\/li>\n<\/ul>\n\n\n\n<div class=\"wp-block-buttons alignfull is-horizontal is-content-justification-center is-layout-flex wp-container-core-buttons-is-layout-03627597 wp-block-buttons-is-layout-flex\">\n<div class=\"wp-block-button has-custom-width wp-block-button__width-100\"><a class=\"wp-block-button__link has-white-color has-text-color has-background no-border-radius wp-element-button\" href=\"\/de\/checkout\/?add-to-cart=111\" style=\"background-color:#000000\">$9.95<\/a><\/div>\n<\/div>\n<\/div>\n<\/div>\n\n\n\n<h2 class=\"wp-block-heading\">Was Sie Erhalten<\/h2>\n\n\n\n<figure class=\"wp-block-table\"><table><thead><tr><th>Merkmal<\/th><th>Fangpr\u00fcfung (2 Credits)<\/th><th>Tiefenf\u00e4nger (5 Credits)<\/th><\/tr><\/thead><tbody><tr><td>Gesichtssuche r\u00fcckw\u00e4rts<\/td><td>\u2713<\/td><td>\u2713<\/td><\/tr><tr><td>Spielvorschau<\/td><td>Begrenzt<\/td><td>Vollzugriff<\/td><\/tr><tr><td>Social-Media-Scan<\/td><td>Grundlegend<\/td><td>Tiefen-Scan<\/td><\/tr><tr><td>Dating-Apps scannen<\/td><td>Grundlegend<\/td><td>Vollkasko<\/td><\/tr><tr><td>\u00c4hnlichkeitserkennung von Gesichtern<\/td><td>\u2713<\/td><td>\u2713 (Erweitert)<\/td><\/tr><tr><td>KI-Bilderkennung<\/td><td>Grundlegend<\/td><td>Fortgeschritten<\/td><\/tr><tr><td>Identit\u00e4tsmustererkennung<\/td><td>\u2014<\/td><td>\u2713<\/td><\/tr><tr><td>Risikosignale (sauber\/verd\u00e4chtig)<\/td><td>\u2713<\/td><td>\u2713 (Ausf\u00fchrlich)<\/td><\/tr><\/tbody><\/table><\/figure>\n\n\n\n<hr class=\"wp-block-separator has-alpha-channel-opacity\"\/>\n\n\n\n<h2 class=\"wp-block-heading\">\ud83e\udde0 So funktionieren Credits<\/h2>\n\n\n\n<p><strong>1 Guthaben = 1 vollst\u00e4ndiger Scan<\/strong><br>Verwenden Sie eine Gutschrift, um vollst\u00e4ndige Ergebnisse f\u00fcr ein Foto freizuschalten.<\/p>\n\n\n\n<hr class=\"wp-block-separator has-alpha-channel-opacity\"\/>\n\n\n\n<h2 class=\"wp-block-heading\">Pricing-FAQ<\/h2>\n\n\n\n<h3 class=\"wp-block-heading\">\u2753 Wie funktionieren CatfishLens Credits?<\/h3>\n\n\n\n<p>CatfishLens verwendet ein kreditbasiertes System, bei dem <strong>1 Guthaben schaltet 1 vollst\u00e4ndigen Scan frei<\/strong>, einschlie\u00dflich Treffer, Quellen und Identit\u00e4tssignale.<\/p>\n\n\n\n<hr class=\"wp-block-separator has-alpha-channel-opacity\"\/>\n\n\n\n<h3 class=\"wp-block-heading\">\u2753 Ben\u00f6tige ich ein Abonnement, um CatfishLens zu nutzen?<\/h3>\n\n\n\n<p>CatfishLens erfordert kein Abonnement. Sie k\u00f6nnen Guthaben kaufen und es jederzeit ohne wiederkehrende Geb\u00fchren verwenden.<\/p>\n\n\n\n<hr class=\"wp-block-separator has-alpha-channel-opacity\"\/>\n\n\n\n<h3 class=\"wp-block-heading\">\u2753 Kann ich CatfishLens f\u00fcr einen einmaligen Check verwenden?<\/h3>\n\n\n\n<p>CatfishLens ist f\u00fcr den einmaligen Gebrauch ebenso wie f\u00fcr mehrere \u00dcberpr\u00fcfungen konzipiert, sodass Sie ein einzelnes Profil \u00fcberpr\u00fcfen k\u00f6nnen, ohne sich f\u00fcr einen Plan zu entscheiden.<\/p>\n\n\n\n<hr class=\"wp-block-separator has-alpha-channel-opacity\"\/>\n\n\n\n<h3 class=\"wp-block-heading\">\u2753 Was ist der Unterschied zwischen Catch Check und Deep Catch?<\/h3>\n\n\n\n<p>Catch Check bietet einen schnellen Scan mit begrenzter Tiefe, w\u00e4hrend Deep Catch ein <strong>vollst\u00e4ndigere Analyse mit detaillierterer Berichterstattung \u00fcber soziale Medien und Dating-Apps<\/strong>.<\/p>\n\n\n\n<hr class=\"wp-block-separator has-alpha-channel-opacity\"\/>\n\n\n\n<h3 class=\"wp-block-heading\">\u2753 Verfallen Guthaben?<\/h3>\n\n\n\n<p>CatfishLens-Guthaben verf\u00e4llt nicht und kann jederzeit verwendet werden, wenn Sie es ben\u00f6tigen.<\/p>\n\n\n\n<hr class=\"wp-block-separator has-alpha-channel-opacity\"\/>\n\n\n\n<h3 class=\"wp-block-heading\">\u2753 Was passiert, nachdem ich Ergebnisse freigeschaltet habe?<\/h3>\n\n\n\n<p>Sobald Ergebnisse freigeschaltet sind, erhalten Sie vollen Zugriff auf \u00dcbereinstimmungen, Quellen und Risikosignale f\u00fcr diesen Scan.<\/p>\n\n\n\n<hr class=\"wp-block-separator has-alpha-channel-opacity\"\/>\n\n\n\n<h3 class=\"wp-block-heading\">\u2753 Kann ich meinen Tarif sp\u00e4ter upgraden?<\/h3>\n\n\n\n<p>CatfishLens erm\u00f6glicht es Ihnen, jederzeit zus\u00e4tzliche Credits zu kaufen, sodass Sie bedarfsgerecht skalieren k\u00f6nnen.<\/p>\n\n\n\n<hr class=\"wp-block-separator has-alpha-channel-opacity\"\/>\n\n\n\n<h3 class=\"wp-block-heading\">\u2753 Gibt es versteckte Geb\u00fchren?<\/h3>\n\n\n\n<p>CatfishLens verwendet <strong>Transparente Preisgestaltung<\/strong>, sodass Sie nur f\u00fcr die von Ihnen gew\u00e4hlten Credits bezahlen, ohne versteckte Geb\u00fchren.<\/p>\n\n\n\n<hr class=\"wp-block-separator has-alpha-channel-opacity\"\/>\n\n\n\n<h3 class=\"wp-block-heading\">\u2753 Welche Zahlungsmethoden werden akzeptiert?<\/h3>\n\n\n\n<p>CatfishLens unterst\u00fctzt g\u00e4ngige Zahlungsmethoden wie Kredit- und Debitkarten f\u00fcr sichere Transaktionen.<\/p>\n\n\n\n<hr class=\"wp-block-separator has-alpha-channel-opacity\"\/>\n\n\n\n<h3 class=\"wp-block-heading\">\u2753 Gibt es eine R\u00fcckerstattungsrichtlinie?<\/h3>\n\n\n\n<p>CatfishLens bietet Zugang zu digitalen Ergebnissen, sodass R\u00fcckerstattungen vom Verbrauch und davon abh\u00e4ngen, ob Ergebnisse freigeschaltet wurden.<\/p>","protected":false},"excerpt":{"rendered":"<p>Catch Check (2 Credits) Quick check before you take the bait Deep Catch (5 Credits) See the full picture before you trust What You Get Feature Catch Check (2 Credits) Deep Catch (5 Credits) Reverse Face Search \u2713 \u2713 Matches Preview Limited Full Access Social Media Scan Basic Deep Scan Dating Apps Scan Basic Full [&hellip;]<\/p>\n","protected":false},"author":1,"featured_media":0,"parent":0,"menu_order":0,"comment_status":"closed","ping_status":"closed","template":"","meta":{"footnotes":""},"class_list":["post-31","page","type-page","status-publish","hentry"],"yoast_head":"<!-- This site is optimized with the Yoast SEO plugin v27.3 - https:\/\/yoast.com\/product\/yoast-seo-wordpress\/ -->\n<title>Pricing - CatfishLens<\/title>\n<meta name=\"robots\" content=\"index, follow, max-snippet:-1, max-image-preview:large, max-video-preview:-1\" \/>\n<link rel=\"canonical\" href=\"https:\/\/catfishlens.com\/de\/preise\/\" \/>\n<meta property=\"og:locale\" content=\"de_DE\" \/>\n<meta property=\"og:type\" content=\"article\" \/>\n<meta property=\"og:title\" content=\"Pricing - CatfishLens\" \/>\n<meta property=\"og:description\" content=\"Catch Check (2 Credits) Quick check before you take the bait Deep Catch (5 Credits) See the full picture before you trust What You Get Feature Catch Check (2 Credits) Deep Catch (5 Credits) Reverse Face Search \u2713 \u2713 Matches Preview Limited Full Access Social Media Scan Basic Deep Scan Dating Apps Scan Basic Full [&hellip;]\" \/>\n<meta property=\"og:url\" content=\"https:\/\/catfishlens.com\/de\/preise\/\" \/>\n<meta property=\"og:site_name\" content=\"CatfishLens\" \/>\n<meta property=\"article:publisher\" content=\"https:\/\/www.facebook.com\/catfishlens\" \/>\n<meta property=\"article:modified_time\" content=\"2026-04-10T08:34:42+00:00\" \/>\n<meta name=\"twitter:card\" content=\"summary_large_image\" \/>\n<meta name=\"twitter:label1\" content=\"Gesch\u00e4tzte Lesezeit\" \/>\n\t<meta name=\"twitter:data1\" content=\"2\u00a0Minuten\" \/>\n<script type=\"application\/ld+json\" class=\"yoast-schema-graph\">{\"@context\":\"https:\\\/\\\/schema.org\",\"@graph\":[{\"@type\":\"WebPage\",\"@id\":\"https:\\\/\\\/catfishlens.com\\\/pricing\\\/\",\"url\":\"https:\\\/\\\/catfishlens.com\\\/pricing\\\/\",\"name\":\"Pricing - CatfishLens\",\"isPartOf\":{\"@id\":\"https:\\\/\\\/catfishlens.com\\\/#website\"},\"datePublished\":\"2026-03-25T07:53:11+00:00\",\"dateModified\":\"2026-04-10T08:34:42+00:00\",\"breadcrumb\":{\"@id\":\"https:\\\/\\\/catfishlens.com\\\/pricing\\\/#breadcrumb\"},\"inLanguage\":\"de\",\"potentialAction\":[{\"@type\":\"ReadAction\",\"target\":[\"https:\\\/\\\/catfishlens.com\\\/pricing\\\/\"]}]},{\"@type\":\"BreadcrumbList\",\"@id\":\"https:\\\/\\\/catfishlens.com\\\/pricing\\\/#breadcrumb\",\"itemListElement\":[{\"@type\":\"ListItem\",\"position\":1,\"name\":\"Home\",\"item\":\"https:\\\/\\\/catfishlens.com\\\/\"},{\"@type\":\"ListItem\",\"position\":2,\"name\":\"Pricing\"}]},{\"@type\":\"WebSite\",\"@id\":\"https:\\\/\\\/catfishlens.com\\\/#website\",\"url\":\"https:\\\/\\\/catfishlens.com\\\/\",\"name\":\"CatfishLens\",\"description\":\"Best Catfish Reverse Image Search Engine\",\"publisher\":{\"@id\":\"https:\\\/\\\/catfishlens.com\\\/#organization\"},\"potentialAction\":[{\"@type\":\"SearchAction\",\"target\":{\"@type\":\"EntryPoint\",\"urlTemplate\":\"https:\\\/\\\/catfishlens.com\\\/?s={search_term_string}\"},\"query-input\":{\"@type\":\"PropertyValueSpecification\",\"valueRequired\":true,\"valueName\":\"search_term_string\"}}],\"inLanguage\":\"de\"},{\"@type\":\"Organization\",\"@id\":\"https:\\\/\\\/catfishlens.com\\\/#organization\",\"name\":\"CatfishLens\",\"url\":\"https:\\\/\\\/catfishlens.com\\\/\",\"logo\":{\"@type\":\"ImageObject\",\"inLanguage\":\"de\",\"@id\":\"https:\\\/\\\/catfishlens.com\\\/#\\\/schema\\\/logo\\\/image\\\/\",\"url\":\"https:\\\/\\\/catfishlens.com\\\/wp-content\\\/uploads\\\/2026\\\/03\\\/CatfishLens-Logo.png\",\"contentUrl\":\"https:\\\/\\\/catfishlens.com\\\/wp-content\\\/uploads\\\/2026\\\/03\\\/CatfishLens-Logo.png\",\"width\":1536,\"height\":1024,\"caption\":\"CatfishLens\"},\"image\":{\"@id\":\"https:\\\/\\\/catfishlens.com\\\/#\\\/schema\\\/logo\\\/image\\\/\"},\"sameAs\":[\"https:\\\/\\\/www.facebook.com\\\/catfishlens\"]}]}<\/script>\n<!-- \/ Yoast SEO plugin. -->","yoast_head_json":{"title":"Preise \u2013 CatfishLens","robots":{"index":"index","follow":"follow","max-snippet":"max-snippet:-1","max-image-preview":"max-image-preview:large","max-video-preview":"max-video-preview:-1"},"canonical":"https:\/\/catfishlens.com\/de\/preise\/","og_locale":"de_DE","og_type":"article","og_title":"Pricing - CatfishLens","og_description":"Catch Check (2 Credits) Quick check before you take the bait Deep Catch (5 Credits) See the full picture before you trust What You Get Feature Catch Check (2 Credits) Deep Catch (5 Credits) Reverse Face Search \u2713 \u2713 Matches Preview Limited Full Access Social Media Scan Basic Deep Scan Dating Apps Scan Basic Full [&hellip;]","og_url":"https:\/\/catfishlens.com\/de\/preise\/","og_site_name":"CatfishLens","article_publisher":"https:\/\/www.facebook.com\/catfishlens","article_modified_time":"2026-04-10T08:34:42+00:00","twitter_card":"summary_large_image","twitter_misc":{"Gesch\u00e4tzte Lesezeit":"2\u00a0Minuten"},"schema":{"@context":"https:\/\/schema.org","@graph":[{"@type":"WebPage","@id":"https:\/\/catfishlens.com\/pricing\/","url":"https:\/\/catfishlens.com\/pricing\/","name":"Preise \u2013 CatfishLens","isPartOf":{"@id":"https:\/\/catfishlens.com\/#website"},"datePublished":"2026-03-25T07:53:11+00:00","dateModified":"2026-04-10T08:34:42+00:00","breadcrumb":{"@id":"https:\/\/catfishlens.com\/pricing\/#breadcrumb"},"inLanguage":"de","potentialAction":[{"@type":"ReadAction","target":["https:\/\/catfishlens.com\/pricing\/"]}]},{"@type":"BreadcrumbList","@id":"https:\/\/catfishlens.com\/pricing\/#breadcrumb","itemListElement":[{"@type":"ListItem","position":1,"name":"Home","item":"https:\/\/catfishlens.com\/"},{"@type":"ListItem","position":2,"name":"Pricing"}]},{"@type":"WebSite","@id":"https:\/\/catfishlens.com\/#website","url":"https:\/\/catfishlens.com\/","name":"Welslinse","description":"Beste Catfish-Reverse-Image-Suchmaschine","publisher":{"@id":"https:\/\/catfishlens.com\/#organization"},"potentialAction":[{"@type":"SearchAction","target":{"@type":"EntryPoint","urlTemplate":"https:\/\/catfishlens.com\/?s={search_term_string}"},"query-input":{"@type":"PropertyValueSpecification","valueRequired":true,"valueName":"search_term_string"}}],"inLanguage":"de"},{"@type":"Organization","@id":"https:\/\/catfishlens.com\/#organization","name":"Welslinse","url":"https:\/\/catfishlens.com\/","logo":{"@type":"ImageObject","inLanguage":"de","@id":"https:\/\/catfishlens.com\/#\/schema\/logo\/image\/","url":"https:\/\/catfishlens.com\/wp-content\/uploads\/2026\/03\/CatfishLens-Logo.png","contentUrl":"https:\/\/catfishlens.com\/wp-content\/uploads\/2026\/03\/CatfishLens-Logo.png","width":1536,"height":1024,"caption":"CatfishLens"},"image":{"@id":"https:\/\/catfishlens.com\/#\/schema\/logo\/image\/"},"sameAs":["https:\/\/www.facebook.com\/catfishlens"]}]}},"_links":{"self":[{"href":"https:\/\/catfishlens.com\/de\/wp-json\/wp\/v2\/pages\/31","targetHints":{"allow":["GET"]}}],"collection":[{"href":"https:\/\/catfishlens.com\/de\/wp-json\/wp\/v2\/pages"}],"about":[{"href":"https:\/\/catfishlens.com\/de\/wp-json\/wp\/v2\/types\/page"}],"author":[{"embeddable":true,"href":"https:\/\/catfishlens.com\/de\/wp-json\/wp\/v2\/users\/1"}],"replies":[{"embeddable":true,"href":"https:\/\/catfishlens.com\/de\/wp-json\/wp\/v2\/comments?post=31"}],"version-history":[{"count":3,"href":"https:\/\/catfishlens.com\/de\/wp-json\/wp\/v2\/pages\/31\/revisions"}],"predecessor-version":[{"id":252,"href":"https:\/\/catfishlens.com\/de\/wp-json\/wp\/v2\/pages\/31\/revisions\/252"}],"wp:attachment":[{"href":"https:\/\/catfishlens.com\/de\/wp-json\/wp\/v2\/media?parent=31"}],"curies":[{"name":"WP","href":"https:\/\/api.w.org\/{rel}","templated":true}]}}