{"id":286,"date":"2026-04-14T06:39:37","date_gmt":"2026-04-14T06:39:37","guid":{"rendered":"https:\/\/catfishlens.com\/?page_id=286"},"modified":"2026-04-14T06:39:39","modified_gmt":"2026-04-14T06:39:39","slug":"uber-uns","status":"publish","type":"page","link":"https:\/\/catfishlens.com\/de\/about-us\/","title":{"rendered":"\u00dcber uns"},"content":{"rendered":"<h2 class=\"wp-block-heading\">Warum es CatfishLens gibt<\/h2>\n\n\n\n<p>Online-Profile sind leicht zu f\u00e4lschen, Fotos werden gestohlen, Identit\u00e4ten werden wiederverwendet, und es wird immer schwieriger zu erkennen, was echt ist.<br>Wir haben CatfishLens gebaut, weil die Leute immer wieder dieselbe Frage stellten:<\/p>\n\n\n\n<p><strong>\u201cIst diese Person wirklich echt?\u201d<\/strong><\/p>\n\n\n\n<p>Die meisten R\u00fcckw\u00e4rtsbildersuchwerkzeuge wurden daf\u00fcr nicht entwickelt. Sie zeigen \u00e4hnliche Bilder, keine Antworten. CatfishLens existiert, um diese L\u00fccke zu schlie\u00dfen, um ein einzelnes Foto in etwas zu verwandeln, das Sie tats\u00e4chlich verstehen und dem Sie vertrauen k\u00f6nnen.<\/p>\n\n\n\n<hr class=\"wp-block-separator has-alpha-channel-opacity\"\/>\n\n\n\n<h2 class=\"wp-block-heading\">\ud83e\udde0 Was CatfishLens tut<\/h2>\n\n\n\n<p>CatfishLens ist ein Werkzeug f\u00fcr die umgekehrte Bild- und Gesichtssuche, das speziell f\u00fcr <strong>Identit\u00e4tspr\u00fcfung<\/strong>.<br>Sie laden ein Foto hoch, und es hilft Ihnen zu sehen, wo dieses Gesicht online erscheint, wie es verwendet wird und ob es Anzeichen von F\u00e4lschung oder Wiederverwendung aufweist.<\/p>\n\n\n\n<p>Es kombiniert <strong>Gesichtserkennung, plattform\u00fcbergreifende Suche und Identit\u00e4tssignale<\/strong> um dir zu helfen:<\/p>\n\n\n\n<ul class=\"wp-block-list\">\n<li>Katzenfische und gef\u00e4lschte Profile erkennen<\/li>\n\n\n\n<li>Nach wiederverwendeten oder gestohlenen Fotos suchen<\/li>\n\n\n\n<li>Inkonsistente oder verd\u00e4chtige Identit\u00e4ten erkennen<\/li>\n\n\n\n<li>Verstehen, ob ein Profil eine echte Online-Pr\u00e4senz hat<\/li>\n<\/ul>\n\n\n\n<p>Das Ziel ist nicht nur, Bilder zu finden, sondern Ihnen zu geben <strong>Klarheit<\/strong>.<\/p>\n\n\n\n<hr class=\"wp-block-separator has-alpha-channel-opacity\"\/>\n\n\n\n<h2 class=\"wp-block-heading\">\ud83e\udd1d Unser Ansatz<\/h2>\n\n\n\n<p>Wir halten es einfach:<br><strong>Menschen helfen, online bessere Entscheidungen zu treffen.<\/strong><\/p>\n\n\n\n<p>Keine Konten erforderlich. Keine komplizierten Werkzeuge. Kein R\u00e4tselraten \u00fcber die Bedeutung der Ergebnisse.<\/p>\n\n\n\n<p>Wir konzentrieren uns auf:<\/p>\n\n\n\n<ul class=\"wp-block-list\">\n<li><strong>Klarheit vor Rohdaten<\/strong><\/li>\n\n\n\n<li><strong>Datenschutzorientierte Suche<\/strong><\/li>\n\n\n\n<li><strong>Anwendungsf\u00e4lle in der Praxis<\/strong> (Dating, soziale Medien, unbekannte Kontakte)<\/li>\n<\/ul>\n\n\n\n<p>Denn letztendlich geht es hier nicht um Technologie, sondern darum, Ihnen zu helfen, online nicht get\u00e4uscht, manipuliert oder betrogen zu werden.<\/p>\n\n\n\n<h2 class=\"wp-block-heading\">Eine echte Catfish-Geschichte dahinter<\/h2>\n\n\n\n<p>Jemand teilte mit, wie er eine Frau \u00fcber eine Messaging-App kennengelernt hatte. Sie war engagiert, konsequent und wusste, wie sie das Gespr\u00e4ch am Laufen halten konnte. Sie unterhielten sich wochenlang jeden Tag \u00fcber normale Lebensthemen, kleine Details und sogar Pl\u00e4ne f\u00fcr ein Treffen. Zun\u00e4chst schien nichts \u00fcberst\u00fcrzt zu sein, und sie fragte nie nach Geld, was es echter erscheinen lie\u00df.<\/p>\n\n\n\n<p>Aber es gab kleine Dinge, die nicht zusammenpassten. Sie vermied Videoanrufe, hatte immer eine Entschuldigung, keine sozialen Medien zu teilen, und manchmal wurde das Gespr\u00e4ch pl\u00f6tzlich und unerwartet pers\u00f6nlich oder sexuell. Dann begann sie, darauf zu dr\u00e4ngen, sich schnell zu treffen, fast so, als w\u00e4re das das einzige Ziel.<\/p>\n\n\n\n<p>Da kamen die Zweifel auf.<\/p>\n\n\n\n<p>Sie lie\u00dfen ihr Profilfoto durch eine umgekehrte Gesichtersuche laufen, und es tauchte auf mehreren Konten auf. Gleiches Gesicht, andere Namen, sogar mit einer echten Person mit einer v\u00f6llig anderen Identit\u00e4t auf einer anderen Plattform verkn\u00fcpft.<\/p>\n\n\n\n<p>Es ging kein Geld verloren. Aber Wochen der Gespr\u00e4che, des Vertrauens und der emotionalen Energie wurden auf etwas Gebautem errichtet, das nicht echt war, und das ist das, was ihnen am meisten im Ged\u00e4chtnis blieb.<\/p>","protected":false},"excerpt":{"rendered":"<p>Why CatfishLens Exists Online profiles are easy to fake, photos get stolen, identities get reused, and it\u2019s getting harder to tell what\u2019s real.We built CatfishLens because people kept asking the same question: \u201cIs this person actually real?\u201d Most reverse image search tools weren\u2019t built for that. They show similar pictures, not answers. CatfishLens exists to [&hellip;]<\/p>\n","protected":false},"author":1,"featured_media":0,"parent":0,"menu_order":0,"comment_status":"closed","ping_status":"closed","template":"","meta":{"footnotes":""},"class_list":["post-286","page","type-page","status-publish","hentry"],"yoast_head":"<!-- This site is optimized with the Yoast SEO plugin v27.3 - https:\/\/yoast.com\/product\/yoast-seo-wordpress\/ -->\n<title>About Us - CatfishLens<\/title>\n<meta name=\"robots\" content=\"index, follow, max-snippet:-1, max-image-preview:large, max-video-preview:-1\" \/>\n<link rel=\"canonical\" href=\"https:\/\/catfishlens.com\/de\/uber-uns\/\" \/>\n<meta property=\"og:locale\" content=\"de_DE\" \/>\n<meta property=\"og:type\" content=\"article\" \/>\n<meta property=\"og:title\" content=\"About Us - CatfishLens\" \/>\n<meta property=\"og:description\" content=\"Why CatfishLens Exists Online profiles are easy to fake, photos get stolen, identities get reused, and it\u2019s getting harder to tell what\u2019s real.We built CatfishLens because people kept asking the same question: \u201cIs this person actually real?\u201d Most reverse image search tools weren\u2019t built for that. They show similar pictures, not answers. CatfishLens exists to [&hellip;]\" \/>\n<meta property=\"og:url\" content=\"https:\/\/catfishlens.com\/de\/uber-uns\/\" \/>\n<meta property=\"og:site_name\" content=\"CatfishLens\" \/>\n<meta property=\"article:publisher\" content=\"https:\/\/www.facebook.com\/catfishlens\" \/>\n<meta property=\"article:modified_time\" content=\"2026-04-14T06:39:39+00:00\" \/>\n<meta name=\"twitter:card\" content=\"summary_large_image\" \/>\n<meta name=\"twitter:label1\" content=\"Gesch\u00e4tzte Lesezeit\" \/>\n\t<meta name=\"twitter:data1\" content=\"2\u00a0Minuten\" \/>\n<script type=\"application\/ld+json\" class=\"yoast-schema-graph\">{\"@context\":\"https:\\\/\\\/schema.org\",\"@graph\":[{\"@type\":\"WebPage\",\"@id\":\"https:\\\/\\\/catfishlens.com\\\/about-us\\\/\",\"url\":\"https:\\\/\\\/catfishlens.com\\\/about-us\\\/\",\"name\":\"About Us - CatfishLens\",\"isPartOf\":{\"@id\":\"https:\\\/\\\/catfishlens.com\\\/#website\"},\"datePublished\":\"2026-04-14T06:39:37+00:00\",\"dateModified\":\"2026-04-14T06:39:39+00:00\",\"breadcrumb\":{\"@id\":\"https:\\\/\\\/catfishlens.com\\\/about-us\\\/#breadcrumb\"},\"inLanguage\":\"de\",\"potentialAction\":[{\"@type\":\"ReadAction\",\"target\":[\"https:\\\/\\\/catfishlens.com\\\/about-us\\\/\"]}]},{\"@type\":\"BreadcrumbList\",\"@id\":\"https:\\\/\\\/catfishlens.com\\\/about-us\\\/#breadcrumb\",\"itemListElement\":[{\"@type\":\"ListItem\",\"position\":1,\"name\":\"Home\",\"item\":\"https:\\\/\\\/catfishlens.com\\\/\"},{\"@type\":\"ListItem\",\"position\":2,\"name\":\"About Us\"}]},{\"@type\":\"WebSite\",\"@id\":\"https:\\\/\\\/catfishlens.com\\\/#website\",\"url\":\"https:\\\/\\\/catfishlens.com\\\/\",\"name\":\"CatfishLens\",\"description\":\"Best Catfish Reverse Image Search Engine\",\"publisher\":{\"@id\":\"https:\\\/\\\/catfishlens.com\\\/#organization\"},\"potentialAction\":[{\"@type\":\"SearchAction\",\"target\":{\"@type\":\"EntryPoint\",\"urlTemplate\":\"https:\\\/\\\/catfishlens.com\\\/?s={search_term_string}\"},\"query-input\":{\"@type\":\"PropertyValueSpecification\",\"valueRequired\":true,\"valueName\":\"search_term_string\"}}],\"inLanguage\":\"de\"},{\"@type\":\"Organization\",\"@id\":\"https:\\\/\\\/catfishlens.com\\\/#organization\",\"name\":\"CatfishLens\",\"url\":\"https:\\\/\\\/catfishlens.com\\\/\",\"logo\":{\"@type\":\"ImageObject\",\"inLanguage\":\"de\",\"@id\":\"https:\\\/\\\/catfishlens.com\\\/#\\\/schema\\\/logo\\\/image\\\/\",\"url\":\"https:\\\/\\\/catfishlens.com\\\/wp-content\\\/uploads\\\/2026\\\/03\\\/CatfishLens-Logo.png\",\"contentUrl\":\"https:\\\/\\\/catfishlens.com\\\/wp-content\\\/uploads\\\/2026\\\/03\\\/CatfishLens-Logo.png\",\"width\":1536,\"height\":1024,\"caption\":\"CatfishLens\"},\"image\":{\"@id\":\"https:\\\/\\\/catfishlens.com\\\/#\\\/schema\\\/logo\\\/image\\\/\"},\"sameAs\":[\"https:\\\/\\\/www.facebook.com\\\/catfishlens\"]}]}<\/script>\n<!-- \/ Yoast SEO plugin. -->","yoast_head_json":{"title":"\u00dcber uns - CatfishLens","robots":{"index":"index","follow":"follow","max-snippet":"max-snippet:-1","max-image-preview":"max-image-preview:large","max-video-preview":"max-video-preview:-1"},"canonical":"https:\/\/catfishlens.com\/de\/uber-uns\/","og_locale":"de_DE","og_type":"article","og_title":"About Us - CatfishLens","og_description":"Why CatfishLens Exists Online profiles are easy to fake, photos get stolen, identities get reused, and it\u2019s getting harder to tell what\u2019s real.We built CatfishLens because people kept asking the same question: \u201cIs this person actually real?\u201d Most reverse image search tools weren\u2019t built for that. They show similar pictures, not answers. CatfishLens exists to [&hellip;]","og_url":"https:\/\/catfishlens.com\/de\/uber-uns\/","og_site_name":"CatfishLens","article_publisher":"https:\/\/www.facebook.com\/catfishlens","article_modified_time":"2026-04-14T06:39:39+00:00","twitter_card":"summary_large_image","twitter_misc":{"Gesch\u00e4tzte Lesezeit":"2\u00a0Minuten"},"schema":{"@context":"https:\/\/schema.org","@graph":[{"@type":"WebPage","@id":"https:\/\/catfishlens.com\/about-us\/","url":"https:\/\/catfishlens.com\/about-us\/","name":"\u00dcber uns - CatfishLens","isPartOf":{"@id":"https:\/\/catfishlens.com\/#website"},"datePublished":"2026-04-14T06:39:37+00:00","dateModified":"2026-04-14T06:39:39+00:00","breadcrumb":{"@id":"https:\/\/catfishlens.com\/about-us\/#breadcrumb"},"inLanguage":"de","potentialAction":[{"@type":"ReadAction","target":["https:\/\/catfishlens.com\/about-us\/"]}]},{"@type":"BreadcrumbList","@id":"https:\/\/catfishlens.com\/about-us\/#breadcrumb","itemListElement":[{"@type":"ListItem","position":1,"name":"Home","item":"https:\/\/catfishlens.com\/"},{"@type":"ListItem","position":2,"name":"About Us"}]},{"@type":"WebSite","@id":"https:\/\/catfishlens.com\/#website","url":"https:\/\/catfishlens.com\/","name":"Welslinse","description":"Beste Catfish-Reverse-Image-Suchmaschine","publisher":{"@id":"https:\/\/catfishlens.com\/#organization"},"potentialAction":[{"@type":"SearchAction","target":{"@type":"EntryPoint","urlTemplate":"https:\/\/catfishlens.com\/?s={search_term_string}"},"query-input":{"@type":"PropertyValueSpecification","valueRequired":true,"valueName":"search_term_string"}}],"inLanguage":"de"},{"@type":"Organization","@id":"https:\/\/catfishlens.com\/#organization","name":"Welslinse","url":"https:\/\/catfishlens.com\/","logo":{"@type":"ImageObject","inLanguage":"de","@id":"https:\/\/catfishlens.com\/#\/schema\/logo\/image\/","url":"https:\/\/catfishlens.com\/wp-content\/uploads\/2026\/03\/CatfishLens-Logo.png","contentUrl":"https:\/\/catfishlens.com\/wp-content\/uploads\/2026\/03\/CatfishLens-Logo.png","width":1536,"height":1024,"caption":"CatfishLens"},"image":{"@id":"https:\/\/catfishlens.com\/#\/schema\/logo\/image\/"},"sameAs":["https:\/\/www.facebook.com\/catfishlens"]}]}},"_links":{"self":[{"href":"https:\/\/catfishlens.com\/de\/wp-json\/wp\/v2\/pages\/286","targetHints":{"allow":["GET"]}}],"collection":[{"href":"https:\/\/catfishlens.com\/de\/wp-json\/wp\/v2\/pages"}],"about":[{"href":"https:\/\/catfishlens.com\/de\/wp-json\/wp\/v2\/types\/page"}],"author":[{"embeddable":true,"href":"https:\/\/catfishlens.com\/de\/wp-json\/wp\/v2\/users\/1"}],"replies":[{"embeddable":true,"href":"https:\/\/catfishlens.com\/de\/wp-json\/wp\/v2\/comments?post=286"}],"version-history":[{"count":2,"href":"https:\/\/catfishlens.com\/de\/wp-json\/wp\/v2\/pages\/286\/revisions"}],"predecessor-version":[{"id":288,"href":"https:\/\/catfishlens.com\/de\/wp-json\/wp\/v2\/pages\/286\/revisions\/288"}],"wp:attachment":[{"href":"https:\/\/catfishlens.com\/de\/wp-json\/wp\/v2\/media?parent=286"}],"curies":[{"name":"WP","href":"https:\/\/api.w.org\/{rel}","templated":true}]}}